{"id":11080,"date":"2021-12-13T09:44:18","date_gmt":"2021-12-13T09:44:18","guid":{"rendered":"https:\/\/esprodouro.com\/?page_id=11080"},"modified":"2021-12-13T10:14:20","modified_gmt":"2021-12-13T10:14:20","slug":"aprendizagens-essenciais","status":"publish","type":"page","link":"https:\/\/esprodouro.com\/en\/aprendizagens-essenciais\/","title":{"rendered":"Aprendizagens Essenciais"},"content":{"rendered":"<p>Est\u00e1 p\u00e1gina est\u00e1 em fase final de implementa\u00e7\u00e3o. Aguarde novas instru\u00e7\u00f5es.<\/p>\n\n\n\n<p><\/p>\n\n\n\n<p><\/p>","protected":false},"excerpt":{"rendered":"<p>Est\u00e1 p\u00e1gina est\u00e1 em fase final de implementa\u00e7\u00e3o. Aguarde novas instru\u00e7\u00f5es.<\/p>","protected":false},"author":267,"featured_media":0,"parent":0,"menu_order":0,"comment_status":"closed","ping_status":"closed","template":"","meta":{"slim_seo":{"title":"Aprendizagens Essenciais - ESPRODOURO","description":"Est\u00e1 p\u00e1gina est\u00e1 em fase final de implementa\u00e7\u00e3o. Aguarde novas instru\u00e7\u00f5es."},"footnotes":""},"class_list":["post-11080","page","type-page","status-publish","hentry"],"blocksy_meta":{"styles_descriptor":{"styles":{"desktop":"","tablet":"","mobile":""},"google_fonts":[],"version":6}},"_links":{"self":[{"href":"https:\/\/esprodouro.com\/en\/wp-json\/wp\/v2\/pages\/11080","targetHints":{"allow":["GET"]}}],"collection":[{"href":"https:\/\/esprodouro.com\/en\/wp-json\/wp\/v2\/pages"}],"about":[{"href":"https:\/\/esprodouro.com\/en\/wp-json\/wp\/v2\/types\/page"}],"author":[{"embeddable":true,"href":"https:\/\/esprodouro.com\/en\/wp-json\/wp\/v2\/users\/267"}],"replies":[{"embeddable":true,"href":"https:\/\/esprodouro.com\/en\/wp-json\/wp\/v2\/comments?post=11080"}],"version-history":[{"count":0,"href":"https:\/\/esprodouro.com\/en\/wp-json\/wp\/v2\/pages\/11080\/revisions"}],"wp:attachment":[{"href":"https:\/\/esprodouro.com\/en\/wp-json\/wp\/v2\/media?parent=11080"}],"curies":[{"name":"wp","href":"https:\/\/api.w.org\/{rel}","templated":true}]}}