{"id":12,"date":"2018-02-01T13:18:54","date_gmt":"2018-02-01T13:18:54","guid":{"rendered":"https:\/\/esprodouro.com\/\/?page_id=12"},"modified":"2019-04-01T17:22:38","modified_gmt":"2019-04-01T17:22:38","slug":"escola","status":"publish","type":"page","link":"https:\/\/esprodouro.com\/en\/escola\/","title":{"rendered":"Escola"},"content":{"rendered":"<p>Na verdade, somos uma escola&#8230; uma escola profissional, diriam&#8230; mas a nossa ambi\u00e7\u00e3o \u00e9 muito maior.<\/p>\n\n\n\n<p>Porque dizemos que queremos ser a escola para alunos que n\u00e3o gostam da escola? Na verdade, porque achamos que os alunos t\u00eam toda a raz\u00e3o quando se queixam da escola tradicional!<\/p>\n\n\n\n<p>Porque achamos que aprender deve ser \u201cfixe\u201d, consideramos que a escola deve ensinar a aprender, baseada na pr\u00e1tica e resolu\u00e7\u00e3o de problemas e n\u00e3o num mero debitar de mat\u00e9ria, onde os alunos apanham \u201csecas\u201d. <\/p>\n\n\n\n<p>Por isso, no ano letivo de 2018\/2019 vamos colocar em pr\u00e1tica o nosso novo modelo pedag\u00f3gico: AB@PINTA &#8211; Aprendizagem Baseada em Problemas, Inova\u00e7\u00e3o, Neuroeduca\u00e7\u00e3o, Tecnologia e Autonomia. <\/p>\n\n\n\n<p>Assim, os alunos t\u00eam 70% de aulas baseadas na pr\u00e1tica, com problemas para resolver, estudos de caso para analisar, sempre em grupo e com acesso constante \u00e0s novas tecnologias, visitas de estudo e workshops com os melhores especialistas da \u00e1rea, uma liga\u00e7\u00e3o privilegiada  \u00e0s empresas de topo e \u00e0s melhores universidades, focada na EXCEL\u00caNCIA do aluno e em formar os melhores especialistas nacionais na \u00e1rea em que se forma, com todos os conte\u00fados atualizados, estudando 3 l\u00ednguas (espanhol, franc\u00eas e ingl\u00eas) que permitem trabalhar ou estudar na maior parte dos pa\u00edses do mundo, ou trabalhar em multinacionais, com ambientes de aprendizagem preparados para estimular de \u00e1reas espec\u00edficas do teu c\u00e9rebro, como as fun\u00e7\u00f5es executivas, mem\u00f3ria de trabalho e auto-estimula\u00e7\u00e3o de circuitos de recompensa, t\u00e3o necess\u00e1rios \u00e0 tua motiva\u00e7\u00e3o, fazes a tua avalia\u00e7\u00e3o s\u00f3 quando estiveres preparado e n\u00e3o quando o professor diz. <\/p>\n\n\n\n<p>Enfim&#8230; resumindo, somos uma escola onde o aluno \u00e9 o centro das nossas preocupa\u00e7\u00f5es. <\/p>\n\n\n\n<p>Por isso o nosso lema \u00e9<\/p>\n\n\n\n<blockquote class=\"wp-block-quote is-layout-flow wp-block-quote-is-layout-flow\"><p><strong>\u201cO teu sonho&#8230; \u00e9 o nosso desafio!\u201d<\/strong><\/p><\/blockquote>\n\n\n\n<p>Ter\u00e1s um gestor de aluno que ter\u00e1 como fun\u00e7\u00e3o, dar-te as ferramentas para que possas atingir o teu sonho&#8230; mas o caminho \u00e9 teu! <\/p>\n\n\n\n<p>Por isso queremos treinar todas as tuas capacidades, para que consigas fazer esse caminho entre os melhores. <\/p>\n\n\n\n<p>Para poderes ser um profissional de TOPO com tudo o que isso requer, e nesse sentido, tu ser\u00e1s aquilo que sonhares! <\/p>\n\n\n\n<p>Vem para a ESPRODOURO e convida os teus amigos, pois aqui&#8230; vais ADORAR a escola!<\/p>","protected":false},"excerpt":{"rendered":"<p>Na verdade, somos uma escola&#8230; uma escola profissional, diriam&#8230; mas a nossa ambi\u00e7\u00e3o \u00e9 muito maior. Porque dizemos que queremos ser a escola para alunos que n\u00e3o gostam da escola? Na verdade, porque achamos que os alunos t\u00eam toda a raz\u00e3o quando se queixam da escola tradicional! Porque achamos que aprender deve ser \u201cfixe\u201d, consideramos [&hellip;]<\/p>\n","protected":false},"author":267,"featured_media":306,"parent":0,"menu_order":0,"comment_status":"closed","ping_status":"closed","template":"","meta":{"slim_seo":{"title":"Escola - ESPRODOURO","description":"Na verdade, somos uma escola... uma escola profissional, diriam... mas a nossa ambi\u00e7\u00e3o \u00e9 muito maior. Porque dizemos que queremos ser a escola para alunos que n"},"footnotes":""},"class_list":["post-12","page","type-page","status-publish","has-post-thumbnail","hentry"],"blocksy_meta":{"styles_descriptor":{"styles":{"desktop":"","tablet":"","mobile":""},"google_fonts":[],"version":6}},"_links":{"self":[{"href":"https:\/\/esprodouro.com\/en\/wp-json\/wp\/v2\/pages\/12","targetHints":{"allow":["GET"]}}],"collection":[{"href":"https:\/\/esprodouro.com\/en\/wp-json\/wp\/v2\/pages"}],"about":[{"href":"https:\/\/esprodouro.com\/en\/wp-json\/wp\/v2\/types\/page"}],"author":[{"embeddable":true,"href":"https:\/\/esprodouro.com\/en\/wp-json\/wp\/v2\/users\/267"}],"replies":[{"embeddable":true,"href":"https:\/\/esprodouro.com\/en\/wp-json\/wp\/v2\/comments?post=12"}],"version-history":[{"count":0,"href":"https:\/\/esprodouro.com\/en\/wp-json\/wp\/v2\/pages\/12\/revisions"}],"wp:featuredmedia":[{"embeddable":true,"href":"https:\/\/esprodouro.com\/en\/wp-json\/wp\/v2\/media\/306"}],"wp:attachment":[{"href":"https:\/\/esprodouro.com\/en\/wp-json\/wp\/v2\/media?parent=12"}],"curies":[{"name":"wp","href":"https:\/\/api.w.org\/{rel}","templated":true}]}}