{"id":14,"date":"2018-02-01T13:18:54","date_gmt":"2018-02-01T13:18:54","guid":{"rendered":"https:\/\/esprodouro.com\/\/?page_id=14"},"modified":"2024-08-08T17:31:59","modified_gmt":"2024-08-08T17:31:59","slug":"missao-visao-e-valores","status":"publish","type":"page","link":"https:\/\/esprodouro.com\/en\/missao-visao-e-valores\/","title":{"rendered":"Miss\u00e3o, Vis\u00e3o e Valores"},"content":{"rendered":"<div data-elementor-type=\"wp-page\" data-elementor-id=\"14\" class=\"elementor elementor-14\">\n\t\t\t\t\t\t<section class=\"elementor-section elementor-top-section elementor-element elementor-element-3d7562cd elementor-section-boxed elementor-section-height-default elementor-section-height-default\" data-id=\"3d7562cd\" data-element_type=\"section\" data-e-type=\"section\">\n\t\t\t\t\t\t<div class=\"elementor-container elementor-column-gap-default\">\n\t\t\t\t\t<div class=\"elementor-column elementor-col-100 elementor-top-column elementor-element elementor-element-3a9ba04b\" data-id=\"3a9ba04b\" data-element_type=\"column\" data-e-type=\"column\">\n\t\t\t<div class=\"elementor-widget-wrap elementor-element-populated\">\n\t\t\t\t\t\t<div class=\"elementor-element elementor-element-42c63a9 elementor-widget elementor-widget-heading\" data-id=\"42c63a9\" data-element_type=\"widget\" data-e-type=\"widget\" data-widget_type=\"heading.default\">\n\t\t\t\t<div class=\"elementor-widget-container\">\n\t\t\t\t\t<h1 class=\"elementor-heading-title elementor-size-default\">Miss\u00e3o, Vis\u00e3o e Valores<\/h1>\t\t\t\t<\/div>\n\t\t\t\t<\/div>\n\t\t\t\t<div class=\"elementor-element elementor-element-236df74 elementor-widget elementor-widget-heading\" data-id=\"236df74\" data-element_type=\"widget\" data-e-type=\"widget\" data-widget_type=\"heading.default\">\n\t\t\t\t<div class=\"elementor-widget-container\">\n\t\t\t\t\t<h5 class=\"elementor-heading-title elementor-size-default\">\u201cEXPONENCIAR A QUALIDADE DE ENSINO\u201d<\/h5>\t\t\t\t<\/div>\n\t\t\t\t<\/div>\n\t\t\t\t<div class=\"elementor-element elementor-element-3ea225e elementor-widget-divider--view-line elementor-widget elementor-widget-divider\" data-id=\"3ea225e\" data-element_type=\"widget\" data-e-type=\"widget\" data-widget_type=\"divider.default\">\n\t\t\t\t<div class=\"elementor-widget-container\">\n\t\t\t\t\t\t\t<div class=\"elementor-divider\">\n\t\t\t<span class=\"elementor-divider-separator\">\n\t\t\t\t\t\t<\/span>\n\t\t<\/div>\n\t\t\t\t\t\t<\/div>\n\t\t\t\t<\/div>\n\t\t\t\t<div class=\"elementor-element elementor-element-4a2d41e elementor-widget elementor-widget-heading\" data-id=\"4a2d41e\" data-element_type=\"widget\" data-e-type=\"widget\" data-widget_type=\"heading.default\">\n\t\t\t\t<div class=\"elementor-widget-container\">\n\t\t\t\t\t<h2 class=\"elementor-heading-title elementor-size-default\">Miss\u00e3o<\/h2>\t\t\t\t<\/div>\n\t\t\t\t<\/div>\n\t\t\t\t<div class=\"elementor-element elementor-element-13a125a8 elementor-widget elementor-widget-text-editor\" data-id=\"13a125a8\" data-element_type=\"widget\" data-e-type=\"widget\" data-widget_type=\"text-editor.default\">\n\t\t\t\t<div class=\"elementor-widget-container\">\n\t\t\t\t\t\t\t\t\t<p><strong>\u201cA miss\u00e3o da ESPRODOURO assenta em proporcionar a cria\u00e7\u00e3o de um ecossistema que favore\u00e7a o desenvolvimento de um futuro exponencial e feliz para todos os seus intervenientes, melhorando o mundo e criando espa\u00e7os mais inclusivos, onde os sonhos individuais, possam ser realidade para todas as gera\u00e7\u00f5es.\u201d<\/strong><\/p>\n<p><span style=\"font-weight: 400;\">Para cumpir esta miss\u00e3o, a ESPRODOURO assume:<\/span><\/p>\n<ul>\n<li style=\"font-weight: 400;\"><span style=\"font-weight: 400;\">Promover um ensino profissional em \u00e1reas diversificadas, pautado por crit\u00e9rios de qualidade, objetivando a excel\u00eancia para a redu\u00e7\u00e3o do abandono e insucesso escolar, implementando um sistema de qualidade;<\/span><\/li>\n<li style=\"font-weight: 400;\"><span style=\"font-weight: 400;\">Impulsionar a forma\u00e7\u00e3o de cidad\u00e3os centrados na dignidade humana, cr\u00edticos e conscientes dos seus deveres e direitos, capazes de atuar como agentes transformadores no sentido ajudar o desenvolvimento de toda a comunidade envolvente \u00e0 escola.<\/span><\/li>\n<li style=\"font-weight: 400;\"><span style=\"font-weight: 400;\">Capacitar dos nossos jovens por meio do desenvolvimento de compet\u00eancias que ser\u00e3o essenciais para o sucesso profissional, aumentando a taxa de coloca\u00e7\u00e3o nas entidades empregadoras, contribuindo para agregar valor ao servi\u00e7o prestado na regi\u00e3o;<\/span><\/li>\n<\/ul>\n<!-- \/wp:paragraph -->\t\t\t\t\t\t\t\t<\/div>\n\t\t\t\t<\/div>\n\t\t\t\t\t<\/div>\n\t\t<\/div>\n\t\t\t\t\t<\/div>\n\t\t<\/section>\n\t\t\t\t<section class=\"elementor-section elementor-top-section elementor-element elementor-element-62af381 elementor-section-boxed elementor-section-height-default elementor-section-height-default\" data-id=\"62af381\" data-element_type=\"section\" data-e-type=\"section\" data-settings=\"{&quot;background_background&quot;:&quot;classic&quot;}\">\n\t\t\t\t\t\t<div class=\"elementor-container elementor-column-gap-default\">\n\t\t\t\t\t<div class=\"elementor-column elementor-col-100 elementor-top-column elementor-element elementor-element-87d757d\" data-id=\"87d757d\" data-element_type=\"column\" data-e-type=\"column\">\n\t\t\t<div class=\"elementor-widget-wrap elementor-element-populated\">\n\t\t\t\t\t\t<div class=\"elementor-element elementor-element-2a79a86 elementor-widget elementor-widget-heading\" data-id=\"2a79a86\" data-element_type=\"widget\" data-e-type=\"widget\" data-widget_type=\"heading.default\">\n\t\t\t\t<div class=\"elementor-widget-container\">\n\t\t\t\t\t<h2 class=\"elementor-heading-title elementor-size-default\">Vis\u00e3o<\/h2>\t\t\t\t<\/div>\n\t\t\t\t<\/div>\n\t\t\t\t<div class=\"elementor-element elementor-element-8b1464d elementor-widget elementor-widget-text-editor\" data-id=\"8b1464d\" data-element_type=\"widget\" data-e-type=\"widget\" data-widget_type=\"text-editor.default\">\n\t\t\t\t<div class=\"elementor-widget-container\">\n\t\t\t\t\t\t\t\t\t<p><strong>\u201cA vis\u00e3o da ESPRODOURO \u00e9 em 2030 ser reconhecida como uma escola de refer\u00eancia nacional no \u00e2mbito da forma\u00e7\u00e3o profissional, alcan\u00e7ando 200 alunos ativos, reduzindo a taxa de absentismo e abandono escolar abaixo dos 5%, tendo como consequ\u00eancia disso uma taxa de empregabilidade ou prossecu\u00e7\u00e3o de estudos superior a 90%, proporcionando o seu crescimento na regi\u00e3o e criando pelo menos 25% dos seus alunos como refer\u00eancias nacionais na \u00e1rea de atua\u00e7\u00e3o.\u201d<\/strong><\/p>\n<p>\u00c9 esta a Vis\u00e3o que temos, de trabalhar a EXCEL\u00caNCIA, mas ao mesmo tempo a Felicidade! De atingir o sucesso, mas na sua\u00a0individualidade sem atropelos do outro.\u00a0<\/p>\n<p>\u00c9 ambiciosa? Sem d\u00favida! Mas \u00e9 isso que pretendemos para o nosso ecossistema: QUALIDADE COM FELICIDADE!<\/p>\n<p><!-- wp:paragraph --><\/p>\n<p><!-- \/wp:paragraph --><\/p>\t\t\t\t\t\t\t\t<\/div>\n\t\t\t\t<\/div>\n\t\t\t\t\t<\/div>\n\t\t<\/div>\n\t\t\t\t\t<\/div>\n\t\t<\/section>\n\t\t\t\t<section class=\"elementor-section elementor-top-section elementor-element elementor-element-1284e7a elementor-section-boxed elementor-section-height-default elementor-section-height-default\" data-id=\"1284e7a\" data-element_type=\"section\" data-e-type=\"section\">\n\t\t\t\t\t\t<div class=\"elementor-container elementor-column-gap-default\">\n\t\t\t\t\t<div class=\"elementor-column elementor-col-100 elementor-top-column elementor-element elementor-element-5fd5d07\" data-id=\"5fd5d07\" data-element_type=\"column\" data-e-type=\"column\">\n\t\t\t<div class=\"elementor-widget-wrap elementor-element-populated\">\n\t\t\t\t\t\t<div class=\"elementor-element elementor-element-e0b7495 elementor-widget elementor-widget-heading\" data-id=\"e0b7495\" data-element_type=\"widget\" data-e-type=\"widget\" data-widget_type=\"heading.default\">\n\t\t\t\t<div class=\"elementor-widget-container\">\n\t\t\t\t\t<h2 class=\"elementor-heading-title elementor-size-default\">Valores<\/h2>\t\t\t\t<\/div>\n\t\t\t\t<\/div>\n\t\t\t\t<div class=\"elementor-element elementor-element-1b684d4 elementor-drop-cap-yes elementor-drop-cap-view-default elementor-widget elementor-widget-text-editor\" data-id=\"1b684d4\" data-element_type=\"widget\" data-e-type=\"widget\" data-settings=\"{&quot;drop_cap&quot;:&quot;yes&quot;}\" data-widget_type=\"text-editor.default\">\n\t\t\t\t<div class=\"elementor-widget-container\">\n\t\t\t\t\t\t\t\t\t<p><strong>Os Valores s\u00e3o o conjunto de caracter\u00edsticas que uma pessoa, uma empresa ou uma organiza\u00e7\u00e3o possui e que regem a forma como estas entidades se comportam e interagem entre si. <\/strong><\/p>\n<p style=\"margin: 0px 0px var(--content-spacing); font-size: 16px; text-align: start;\">A promo\u00e7\u00e3o dos valores e padr\u00f5es de uma entidade t\u00eam fun\u00e7\u00e3o primordial no seu sucesso futuro e orienta as suas a\u00e7\u00f5es e decis\u00f5es.<\/p>\n<p style=\"margin: 0px 0px var(--content-spacing); font-size: 16px; text-align: start;\">A cultura organizacional da ASDOURO assenta em valores, tais como:<\/p>\n<ul style=\"margin: 0px 0px var(--content-spacing); font-size: 16px; text-align: start;\">\n<li style=\"margin: 0px 0px var(--listItemSpacing);\">Respeito pela liberdade individual e exerc\u00edcio de cidadania e promo\u00e7\u00e3o da mesma;<\/li>\n<li style=\"margin: 0px 0px var(--listItemSpacing);\">Desenvolvimento da solidariedade, equidade e justi\u00e7a social;<\/li>\n<li style=\"margin: 0px 0px var(--listItemSpacing);\">Qualifica\u00e7\u00e3o pedag\u00f3gica de formadores e modelos formativos;<\/li>\n<li style=\"margin: 0px 0px var(--listItemSpacing);\">Adequa\u00e7\u00e3o dos conte\u00fados \u00e0s necessidades dos destinat\u00e1rios;<\/li>\n<li>Partilha de compet\u00eancias e coopera\u00e7\u00e3o interorganizacional na qualifica\u00e7\u00e3o da forma\u00e7\u00e3o.<\/li>\n<\/ul>\n<p>Na ESPRODOURO, as salas de aula n\u00e3o s\u00e3o identificadas por n\u00fameros nas portas de entrada, mas s\u00e3o representadas sim por valores pintados nas paredes. Valores estes que privilegiam a constru\u00e7\u00e3o da dignidade individual e do respeito pelo social e que s\u00e3o postos em pr\u00e1tica atrav\u00e9s das atitudes em ambiente escolar. Atrav\u00e9s destes valores, professores, alunos, colaboradores, estruturas diretivas, e ainda, empresas, pais, encarregados de educa\u00e7\u00e3o e comunidade envolvente reconhecem na escola n\u00e3o somente um lugar de constru\u00e7\u00e3o de saberes, como tamb\u00e9m um espa\u00e7o de forma\u00e7\u00e3o integral do indiv\u00edduo.<\/p>\n<p>Os 17 valores pintados nas nossas salas s\u00e3o:<\/p>\n<ol>\n<li><a href=\"https:\/\/porvir.org\/wp-content\/uploads\/2013\/10\/Dicionario_de_Valores.pdf\"><b><span style=\"font-size: inherit; text-align: inherit; color: var(--theme-text-color); background-color: var(--palettecolor8); font-family: var(--fontFamily); font-style: var(--fontStyle, inherit); letter-spacing: var(--letterSpacing); text-transform: var(--textTransform); text-decoration: var(--textDecoration);\">AUTONOMIA<\/span><br \/><\/b><\/a><\/li>\n<li><a href=\"https:\/\/porvir.org\/wp-content\/uploads\/2013\/10\/Dicionario_de_Valores.pdf\"><b><span style=\"font-size: inherit; text-align: inherit; color: var(--theme-text-color); background-color: var(--palettecolor8); font-family: var(--fontFamily); font-style: var(--fontStyle, inherit); letter-spacing: var(--letterSpacing); text-transform: var(--textTransform); text-decoration: var(--textDecoration);\">VERDADE<\/span><br \/><\/b><\/a><\/li>\n<li><b><a href=\"https:\/\/porvir.org\/wp-content\/uploads\/2013\/10\/Dicionario_de_Valores.pdf\"><span style=\"font-size: inherit; text-align: inherit; color: var(--theme-text-color); background-color: var(--palettecolor8); font-family: var(--fontFamily); font-style: var(--fontStyle, inherit); letter-spacing: var(--letterSpacing); text-transform: var(--textTransform); text-decoration: var(--textDecoration);\">INOVA\u00c7\u00c3O<\/span><\/a><br \/><\/b><\/li>\n<li><a href=\"https:\/\/porvir.org\/wp-content\/uploads\/2013\/10\/Dicionario_de_Valores.pdf\"><span style=\"font-size: inherit; text-align: inherit; color: var(--theme-text-color); background-color: var(--palettecolor8); font-family: var(--fontFamily); font-style: var(--fontStyle, inherit); letter-spacing: var(--letterSpacing); text-transform: var(--textTransform); text-decoration: var(--textDecoration);\"><b>SOLIDARIEDADE<\/b><\/span><\/a><\/li>\n<li><a href=\"https:\/\/porvir.org\/wp-content\/uploads\/2013\/10\/Dicionario_de_Valores.pdf\"><span style=\"font-size: inherit; text-align: inherit; color: var(--theme-text-color); background-color: var(--palettecolor8); font-family: var(--fontFamily); font-style: var(--fontStyle, inherit); letter-spacing: var(--letterSpacing); text-transform: var(--textTransform); text-decoration: var(--textDecoration);\"><b>ESPERAN\u00c7A<\/b><\/span><\/a><\/li>\n<li><a href=\"https:\/\/porvir.org\/wp-content\/uploads\/2013\/10\/Dicionario_de_Valores.pdf\"><span style=\"font-size: inherit; text-align: inherit; color: var(--theme-text-color); background-color: var(--palettecolor8); font-family: var(--fontFamily); font-style: var(--fontStyle, inherit); letter-spacing: var(--letterSpacing); text-transform: var(--textTransform); text-decoration: var(--textDecoration);\"><b>OTIMISMO<\/b><\/span><\/a><\/li>\n<li><a href=\"https:\/\/porvir.org\/wp-content\/uploads\/2013\/10\/Dicionario_de_Valores.pdf\"><span style=\"font-size: inherit; text-align: inherit; color: var(--theme-text-color); background-color: var(--palettecolor8); font-family: var(--fontFamily); font-style: var(--fontStyle, inherit); letter-spacing: var(--letterSpacing); text-transform: var(--textTransform); text-decoration: var(--textDecoration);\"><b>RESPONSABILIDADE<\/b><\/span><\/a><\/li>\n<li><a href=\"https:\/\/porvir.org\/wp-content\/uploads\/2013\/10\/Dicionario_de_Valores.pdf\"><span style=\"font-size: inherit; text-align: inherit; color: var(--theme-text-color); background-color: var(--palettecolor8); font-family: var(--fontFamily); font-style: var(--fontStyle, inherit); letter-spacing: var(--letterSpacing); text-transform: var(--textTransform); text-decoration: var(--textDecoration);\"><b>JUSTI\u00c7A<\/b><\/span><\/a><\/li>\n<li><a href=\"https:\/\/porvir.org\/wp-content\/uploads\/2013\/10\/Dicionario_de_Valores.pdf\"><span style=\"font-size: inherit; text-align: inherit; color: var(--theme-text-color); background-color: var(--palettecolor8); font-family: var(--fontFamily); font-style: var(--fontStyle, inherit); letter-spacing: var(--letterSpacing); text-transform: var(--textTransform); text-decoration: var(--textDecoration);\"><b>TOLER\u00c2NCIA\u00a0<\/b><\/span><\/a><\/li>\n<li><a href=\"https:\/\/porvir.org\/wp-content\/uploads\/2013\/10\/Dicionario_de_Valores.pdf\"><span style=\"font-size: inherit; text-align: inherit; color: var(--theme-text-color); background-color: var(--palettecolor8); font-family: var(--fontFamily); font-style: var(--fontStyle, inherit); letter-spacing: var(--letterSpacing); text-transform: var(--textTransform); text-decoration: var(--textDecoration);\"><b>FOR\u00c7A\u00a0<\/b><\/span><\/a><\/li>\n<li><a href=\"https:\/\/porvir.org\/wp-content\/uploads\/2013\/10\/Dicionario_de_Valores.pdf\"><span style=\"font-size: inherit; text-align: inherit; color: var(--theme-text-color); background-color: var(--palettecolor8); font-family: var(--fontFamily); font-style: var(--fontStyle, inherit); letter-spacing: var(--letterSpacing); text-transform: var(--textTransform); text-decoration: var(--textDecoration);\"><b>LIBERDADE<\/b><\/span><\/a><\/li>\n<li><a href=\"https:\/\/porvir.org\/wp-content\/uploads\/2013\/10\/Dicionario_de_Valores.pdf\"><span style=\"font-size: inherit; text-align: inherit; color: var(--theme-text-color); background-color: var(--palettecolor8); font-family: var(--fontFamily); font-style: var(--fontStyle, inherit); letter-spacing: var(--letterSpacing); text-transform: var(--textTransform); text-decoration: var(--textDecoration);\"><b>GRATID\u00c3O<\/b><\/span><\/a><\/li>\n<li><a href=\"https:\/\/porvir.org\/wp-content\/uploads\/2013\/10\/Dicionario_de_Valores.pdf\"><span style=\"font-size: inherit; text-align: inherit; color: var(--theme-text-color); background-color: var(--palettecolor8); font-family: var(--fontFamily); font-style: var(--fontStyle, inherit); letter-spacing: var(--letterSpacing); text-transform: var(--textTransform); text-decoration: var(--textDecoration);\"><b>LEALDADE<\/b><\/span><\/a><\/li>\n<li><a href=\"https:\/\/porvir.org\/wp-content\/uploads\/2013\/10\/Dicionario_de_Valores.pdf\"><span style=\"font-size: inherit; text-align: inherit; color: var(--theme-text-color); background-color: var(--palettecolor8); font-family: var(--fontFamily); font-style: var(--fontStyle, inherit); letter-spacing: var(--letterSpacing); text-transform: var(--textTransform); text-decoration: var(--textDecoration);\"><b>HONESTIDADE<\/b><\/span><\/a><\/li>\n<li><a href=\"https:\/\/porvir.org\/wp-content\/uploads\/2013\/10\/Dicionario_de_Valores.pdf\"><span style=\"font-size: inherit; text-align: inherit; color: var(--theme-text-color); background-color: var(--palettecolor8); font-family: var(--fontFamily); font-style: var(--fontStyle, inherit); letter-spacing: var(--letterSpacing); text-transform: var(--textTransform); text-decoration: var(--textDecoration);\"><b>FELICIDADE<\/b><\/span><\/a><\/li>\n<li><a href=\"https:\/\/porvir.org\/wp-content\/uploads\/2013\/10\/Dicionario_de_Valores.pdf\"><span style=\"font-size: inherit; text-align: inherit; color: var(--theme-text-color); background-color: var(--palettecolor8); font-family: var(--fontFamily); font-style: var(--fontStyle, inherit); letter-spacing: var(--letterSpacing); text-transform: var(--textTransform); text-decoration: var(--textDecoration);\"><b>FRATERNIDADE<\/b><\/span><\/a><\/li>\n<li><a href=\"https:\/\/porvir.org\/wp-content\/uploads\/2013\/10\/Dicionario_de_Valores.pdf\"><span style=\"font-size: inherit; text-align: inherit; color: var(--theme-text-color); background-color: var(--palettecolor8); font-family: var(--fontFamily); font-style: var(--fontStyle, inherit); letter-spacing: var(--letterSpacing); text-transform: var(--textTransform); text-decoration: var(--textDecoration);\"><b>IGUALDADE<\/b><\/span><\/a><\/li>\n<\/ol>\n<p>Os valores definidos determinam como ser\u00e1 direcionada a nossa gest\u00e3o escolar, contribuindo para que todo ecossistema ESPRODOURO se identifique e sinta confian\u00e7a na escola. Como nenhum valor \u00e9 mais importante do que outro&#8230; s\u00e3o incentivos do <a href=\"https:\/\/porvir.org\/wp-content\/uploads\/2013\/10\/Dicionario_de_Valores.pdf\">Dicion\u00e1rio de Valores partilhado connosco pelo seu autor Dr. Jos\u00e9 Pacheco em 2019<\/a>.\u00a0<\/p>\n<p>\u00a0<\/p>\t\t\t\t\t\t\t\t<\/div>\n\t\t\t\t<\/div>\n\t\t\t\t\t<\/div>\n\t\t<\/div>\n\t\t\t\t\t<\/div>\n\t\t<\/section>\n\t\t\t\t<section class=\"elementor-section elementor-top-section elementor-element elementor-element-777f7e1 elementor-section-boxed elementor-section-height-default elementor-section-height-default\" data-id=\"777f7e1\" data-element_type=\"section\" data-e-type=\"section\" data-settings=\"{&quot;background_background&quot;:&quot;gradient&quot;}\">\n\t\t\t\t\t\t<div class=\"elementor-container elementor-column-gap-default\">\n\t\t\t\t\t<div class=\"elementor-column elementor-col-100 elementor-top-column elementor-element elementor-element-608402e\" data-id=\"608402e\" data-element_type=\"column\" data-e-type=\"column\" data-settings=\"{&quot;background_background&quot;:&quot;classic&quot;}\">\n\t\t\t<div class=\"elementor-widget-wrap elementor-element-populated\">\n\t\t\t\t\t\t<section class=\"elementor-section elementor-inner-section elementor-element elementor-element-079c422 elementor-section-content-middle elementor-section-boxed elementor-section-height-default elementor-section-height-default\" data-id=\"079c422\" data-element_type=\"section\" data-e-type=\"section\">\n\t\t\t\t\t\t<div class=\"elementor-container elementor-column-gap-default\">\n\t\t\t\t\t<div class=\"elementor-column elementor-col-50 elementor-inner-column elementor-element elementor-element-7c50183\" data-id=\"7c50183\" data-element_type=\"column\" data-e-type=\"column\">\n\t\t\t<div class=\"elementor-widget-wrap elementor-element-populated\">\n\t\t\t\t\t\t<div class=\"elementor-element elementor-element-8e1ff30 elementor-view-default elementor-widget elementor-widget-icon\" data-id=\"8e1ff30\" data-element_type=\"widget\" data-e-type=\"widget\" data-widget_type=\"icon.default\">\n\t\t\t\t<div class=\"elementor-widget-container\">\n\t\t\t\t\t\t\t<div class=\"elementor-icon-wrapper\">\n\t\t\t<div class=\"elementor-icon\">\n\t\t\t<svg aria-hidden=\"true\" class=\"e-font-icon-svg e-fas-quote-left\" viewbox=\"0 0 512 512\" xmlns=\"http:\/\/www.w3.org\/2000\/svg\"><path d=\"M464 256h-80v-64c0-35.3 28.7-64 64-64h8c13.3 0 24-10.7 24-24V56c0-13.3-10.7-24-24-24h-8c-88.4 0-160 71.6-160 160v240c0 26.5 21.5 48 48 48h128c26.5 0 48-21.5 48-48V304c0-26.5-21.5-48-48-48zm-288 0H96v-64c0-35.3 28.7-64 64-64h8c13.3 0 24-10.7 24-24V56c0-13.3-10.7-24-24-24h-8C71.6 32 0 103.6 0 192v240c0 26.5 21.5 48 48 48h128c26.5 0 48-21.5 48-48V304c0-26.5-21.5-48-48-48z\"><\/path><\/svg>\t\t\t<\/div>\n\t\t<\/div>\n\t\t\t\t\t\t<\/div>\n\t\t\t\t<\/div>\n\t\t\t\t<div class=\"elementor-element elementor-element-a83c8e9 elementor-widget elementor-widget-testimonial\" data-id=\"a83c8e9\" data-element_type=\"widget\" data-e-type=\"widget\" data-widget_type=\"testimonial.default\">\n\t\t\t\t<div class=\"elementor-widget-container\">\n\t\t\t\t\t\t\t<div class=\"elementor-testimonial-wrapper\">\n\t\t\t\t\t\t\t<div class=\"elementor-testimonial-content\">A alegria n\u00e3o chega apenas no encontro do achado, mas faz parte do processo da busca. E ensinar e aprender n\u00e3o pode dar-se fora da procura, fora da boniteza e da alegria.<\/div>\n\t\t\t\n\t\t\t\t\t\t<div class=\"elementor-testimonial-meta\">\n\t\t\t\t<div class=\"elementor-testimonial-meta-inner\">\n\t\t\t\t\t\n\t\t\t\t\t\t\t\t\t\t<div class=\"elementor-testimonial-details\">\n\t\t\t\t\t\t\t\t\t\t\t\t\t\t<div class=\"elementor-testimonial-name\">Paulo Freire<\/div>\n\t\t\t\t\t\t\t\t\t\t\t\t\t\t\t\t\t\t\t\t\t\t<div class=\"elementor-testimonial-job\">Educador<\/div>\n\t\t\t\t\t\t\t\t\t\t\t\t\t<\/div>\n\t\t\t\t\t\t\t\t\t<\/div>\n\t\t\t<\/div>\n\t\t\t\t\t<\/div>\n\t\t\t\t\t\t<\/div>\n\t\t\t\t<\/div>\n\t\t\t\t\t<\/div>\n\t\t<\/div>\n\t\t\t\t<div class=\"elementor-column elementor-col-50 elementor-inner-column elementor-element elementor-element-709338e\" data-id=\"709338e\" data-element_type=\"column\" data-e-type=\"column\">\n\t\t\t<div class=\"elementor-widget-wrap elementor-element-populated\">\n\t\t\t\t\t\t<div class=\"elementor-element elementor-element-0457d56 elementor-widget elementor-widget-image\" data-id=\"0457d56\" data-element_type=\"widget\" data-e-type=\"widget\" data-widget_type=\"image.default\">\n\t\t\t\t<div class=\"elementor-widget-container\">\n\t\t\t\t\t\t\t\t\t\t\t\t\t\t\t<img fetchpriority=\"high\" decoding=\"async\" width=\"1024\" height=\"189\" src=\"https:\/\/esprodouro.com\/wp-content\/uploads\/2019\/03\/logoesprodouro-1024x189.webp\" class=\"attachment-large size-large wp-image-461\" alt=\"LogoEsprodouro\" srcset=\"https:\/\/esprodouro.com\/wp-content\/uploads\/2019\/03\/logoesprodouro-1024x189.webp 1024w, https:\/\/esprodouro.com\/wp-content\/uploads\/2019\/03\/logoesprodouro-300x55.webp 300w, https:\/\/esprodouro.com\/wp-content\/uploads\/2019\/03\/logoesprodouro-768x141.webp 768w, https:\/\/esprodouro.com\/wp-content\/uploads\/2019\/03\/logoesprodouro-18x3.webp 18w, https:\/\/esprodouro.com\/wp-content\/uploads\/2019\/03\/logoesprodouro.webp 1281w\" sizes=\"(max-width: 1024px) 100vw, 1024px\" \/>\t\t\t\t\t\t\t\t\t\t\t\t\t\t\t<\/div>\n\t\t\t\t<\/div>\n\t\t\t\t\t<\/div>\n\t\t<\/div>\n\t\t\t\t\t<\/div>\n\t\t<\/section>\n\t\t\t\t\t<\/div>\n\t\t<\/div>\n\t\t\t\t\t<\/div>\n\t\t<\/section>\n\t\t\t\t<\/div>","protected":false},"excerpt":{"rendered":"<p>Miss\u00e3o, Vis\u00e3o e Valores \u201cEXPONENCIAR A QUALIDADE DE ENSINO\u201d Miss\u00e3o \u201cA miss\u00e3o da ESPRODOURO assenta em proporcionar a cria\u00e7\u00e3o de um ecossistema que favore\u00e7a o desenvolvimento de um futuro exponencial e feliz para todos os seus intervenientes, melhorando o mundo e criando espa\u00e7os mais inclusivos, onde os sonhos individuais, possam ser realidade para todas as [&hellip;]<\/p>\n","protected":false},"author":4,"featured_media":0,"parent":0,"menu_order":0,"comment_status":"closed","ping_status":"closed","template":"","meta":{"slim_seo":{"title":"Miss\u00e3o, Vis\u00e3o e Valores - ESPRODOURO","description":"Miss\u00e3o, Vis\u00e3o e Valores \u201cEXPONENCIAR A QUALIDADE DE ENSINO\u201d Miss\u00e3o \u201cA miss\u00e3o da ESPRODOURO assenta em proporcionar a cria\u00e7\u00e3o de um ecossistema que favore\u00e7a o de"},"footnotes":""},"class_list":["post-14","page","type-page","status-publish","hentry"],"blocksy_meta":{"styles_descriptor":{"styles":{"desktop":"","tablet":"","mobile":""},"google_fonts":[],"version":6}},"_links":{"self":[{"href":"https:\/\/esprodouro.com\/en\/wp-json\/wp\/v2\/pages\/14","targetHints":{"allow":["GET"]}}],"collection":[{"href":"https:\/\/esprodouro.com\/en\/wp-json\/wp\/v2\/pages"}],"about":[{"href":"https:\/\/esprodouro.com\/en\/wp-json\/wp\/v2\/types\/page"}],"author":[{"embeddable":true,"href":"https:\/\/esprodouro.com\/en\/wp-json\/wp\/v2\/users\/4"}],"replies":[{"embeddable":true,"href":"https:\/\/esprodouro.com\/en\/wp-json\/wp\/v2\/comments?post=14"}],"version-history":[{"count":0,"href":"https:\/\/esprodouro.com\/en\/wp-json\/wp\/v2\/pages\/14\/revisions"}],"wp:attachment":[{"href":"https:\/\/esprodouro.com\/en\/wp-json\/wp\/v2\/media?parent=14"}],"curies":[{"name":"wp","href":"https:\/\/api.w.org\/{rel}","templated":true}]}}