{"id":22105,"date":"2025-05-05T16:06:45","date_gmt":"2025-05-05T16:06:45","guid":{"rendered":"https:\/\/esprodouro.com\/?page_id=22105"},"modified":"2025-05-05T16:06:47","modified_gmt":"2025-05-05T16:06:47","slug":"tecnico-a-de-eletronica-automacao-e-computadores","status":"publish","type":"page","link":"https:\/\/esprodouro.com\/en\/tecnico-a-de-eletronica-automacao-e-computadores\/","title":{"rendered":"T\u00e9cnico\/a de Eletr\u00f3nica, Automa\u00e7\u00e3o e Computadores"},"content":{"rendered":"","protected":false},"excerpt":{"rendered":"","protected":false},"author":61,"featured_media":0,"parent":0,"menu_order":0,"comment_status":"closed","ping_status":"closed","template":"","meta":{"slim_seo":{"title":"T\u00e9cnico\/a de Eletr\u00f3nica, Automa\u00e7\u00e3o e Computadores - ESPRODOURO","description":""},"footnotes":""},"class_list":["post-22105","page","type-page","status-publish","hentry"],"blocksy_meta":[],"_links":{"self":[{"href":"https:\/\/esprodouro.com\/en\/wp-json\/wp\/v2\/pages\/22105","targetHints":{"allow":["GET"]}}],"collection":[{"href":"https:\/\/esprodouro.com\/en\/wp-json\/wp\/v2\/pages"}],"about":[{"href":"https:\/\/esprodouro.com\/en\/wp-json\/wp\/v2\/types\/page"}],"author":[{"embeddable":true,"href":"https:\/\/esprodouro.com\/en\/wp-json\/wp\/v2\/users\/61"}],"replies":[{"embeddable":true,"href":"https:\/\/esprodouro.com\/en\/wp-json\/wp\/v2\/comments?post=22105"}],"version-history":[{"count":0,"href":"https:\/\/esprodouro.com\/en\/wp-json\/wp\/v2\/pages\/22105\/revisions"}],"wp:attachment":[{"href":"https:\/\/esprodouro.com\/en\/wp-json\/wp\/v2\/media?parent=22105"}],"curies":[{"name":"wp","href":"https:\/\/api.w.org\/{rel}","templated":true}]}}