{"id":419,"date":"2019-02-27T18:07:02","date_gmt":"2019-02-27T18:07:02","guid":{"rendered":"https:\/\/esprodouro.com\/\/?page_id=419"},"modified":"2024-08-08T18:10:29","modified_gmt":"2024-08-08T18:10:29","slug":"ensino-profissional-planos","status":"publish","type":"page","link":"https:\/\/esprodouro.com\/en\/ensino-profissional-planos\/","title":{"rendered":"Ensino Profissional &#8211; Planos"},"content":{"rendered":"<p><strong>Ver a Oferta 2019\/2020 para a ESPRODOURO <a href=\"https:\/\/esprodouro.com\/en\/esprodouro-escola-profissional-do-alto-douro\/\">AQUI<\/a><\/strong><\/p>\r\n\r\n\r\n\r\n<figure class=\"wp-block-image is-resized\"><img fetchpriority=\"high\" decoding=\"async\" class=\"aligncenter wp-image-544 size-full\" src=\"https:\/\/esprodouro.com\/wp-content\/uploads\/2019\/04\/captura-de-ecra-2019-04-01-as-181224.webp\" alt=\"\" width=\"1205\" height=\"834\" srcset=\"https:\/\/esprodouro.com\/wp-content\/uploads\/2019\/04\/captura-de-ecra-2019-04-01-as-181224.webp 1205w, https:\/\/esprodouro.com\/wp-content\/uploads\/2019\/04\/captura-de-ecra-2019-04-01-as-181224-300x208.webp 300w, https:\/\/esprodouro.com\/wp-content\/uploads\/2019\/04\/captura-de-ecra-2019-04-01-as-181224-1024x709.webp 1024w, https:\/\/esprodouro.com\/wp-content\/uploads\/2019\/04\/captura-de-ecra-2019-04-01-as-181224-768x532.webp 768w, https:\/\/esprodouro.com\/wp-content\/uploads\/2019\/04\/captura-de-ecra-2019-04-01-as-181224-18x12.webp 18w\" sizes=\"(max-width: 1205px) 100vw, 1205px\" \/>\r\n<figcaption><strong>Cursos para 2019\/2020 <br \/>INSCRI\u00c7\u00d5ES ABERTAS<\/strong><\/figcaption>\r\n<\/figure>\r\n\r\n\r\n\r\n<p><strong>1\u00ba Ano (2018 &#8211; 2021)<\/strong><\/p>\r\n\r\n\r\n\r\n<p>TAG1 &#8211; T\u00e9cnico de Apoio \u00e0 Gest\u00e3o 1 (<a href=\"\/Documentos\/Documentos\/PlanosCurriculares\/TAG1.pdf\">ver plano<\/a>)<br \/>TAT &#8211; T\u00e9cnico de Anima\u00e7\u00e3o de Turismo (<a href=\"\/Documentos\/Documentos\/PlanosCurriculares\/TAT.pdf\">ver plano<\/a>)<br \/>TCP2 &#8211; T\u00e9cnico de Cozinha \/Pastelaria 2 (<a href=\"\/Documentos\/Documentos\/PlanosCurriculares\/TCP2.pdf\">ver plano<\/a>)<br \/>TG &#8211; T\u00e9cnico de Geriatria (<a href=\"\/Documentos\/Documentos\/PlanosCurriculares\/TCP2.pdf\">ver plano<\/a>)<\/p>\r\n\r\n\r\n\r\n<p><strong>2\u00ba Ano (2017-2020)<\/strong><\/p>\r\n\r\n\r\n\r\n<p>TAG &#8211; T\u00e9cnico de Apoio \u00e0 Gest\u00e3o (<a href=\"https:\/\/esprodouro.com\/\/Documentos\/Documentos\/PlanosCurriculares\/TAG.pdf\">ver plano<\/a>)<br \/>TCP1 &#8211; T\u00e9cnico de Cozinha \/Pastelaria 1 (<a href=\"\/Documentos\/Documentos\/PlanosCurriculares\/TCP1.pdf\">ver plano<\/a>)<br \/>TD &#8211; T\u00e9cnico de Desporto (<a href=\"\/Documentos\/Documentos\/PlanosCurriculares\/TD.pdf\">ver plano<\/a>)<br \/>TRB1 &#8211; T\u00e9cnico de Restaurante\/Bar 1 (<a href=\"\/Documentos\/Documentos\/PlanosCurriculares\/TRB1.pdf\">ver plano<\/a>)<\/p>\r\n\r\n\r\n\r\n<p><strong>3\u00ba Ano (2016-2019)<\/strong><\/p>\r\n\r\n\r\n\r\n<p>TCP &#8211; T\u00e9cnico de Cozinha \/Pastelaria (<a href=\"\/Documentos\/Documentos\/PlanosCurriculares\/TCP.pdf\">ver plano<\/a>)<br \/>TRB &#8211; T\u00e9cnico de Restaurante\/Bar (<a href=\"\/Documentos\/Documentos\/PlanosCurriculares\/TRB.pdf\">ver plano<\/a>) <br \/><br \/><\/p>","protected":false},"excerpt":{"rendered":"<p>Ver a Oferta 2019\/2020 para a ESPRODOURO AQUI 1\u00ba Ano (2018 &#8211; 2021) TAG1 &#8211; T\u00e9cnico de Apoio \u00e0 Gest\u00e3o 1 (ver plano)TAT &#8211; T\u00e9cnico de Anima\u00e7\u00e3o de Turismo (ver plano)TCP2 &#8211; T\u00e9cnico de Cozinha \/Pastelaria 2 (ver plano)TG &#8211; T\u00e9cnico de Geriatria (ver plano) 2\u00ba Ano (2017-2020) TAG &#8211; T\u00e9cnico de Apoio \u00e0 Gest\u00e3o [&hellip;]<\/p>\n","protected":false},"author":267,"featured_media":543,"parent":0,"menu_order":0,"comment_status":"closed","ping_status":"closed","template":"","meta":{"slim_seo":{"title":"Ensino Profissional - Planos - ESPRODOURO","description":"Ver a Oferta 2019\/2020 para a ESPRODOURO AQUI 1\u00ba Ano (2018 - 2021) TAG1 - T\u00e9cnico de Apoio \u00e0 Gest\u00e3o 1 ( ver plano ) TAT - T\u00e9cnico de Anima\u00e7\u00e3o de Turismo ( ver p"},"footnotes":""},"class_list":["post-419","page","type-page","status-publish","has-post-thumbnail","hentry"],"blocksy_meta":{"styles_descriptor":{"styles":{"desktop":"","tablet":"","mobile":""},"google_fonts":[],"version":6}},"_links":{"self":[{"href":"https:\/\/esprodouro.com\/en\/wp-json\/wp\/v2\/pages\/419","targetHints":{"allow":["GET"]}}],"collection":[{"href":"https:\/\/esprodouro.com\/en\/wp-json\/wp\/v2\/pages"}],"about":[{"href":"https:\/\/esprodouro.com\/en\/wp-json\/wp\/v2\/types\/page"}],"author":[{"embeddable":true,"href":"https:\/\/esprodouro.com\/en\/wp-json\/wp\/v2\/users\/267"}],"replies":[{"embeddable":true,"href":"https:\/\/esprodouro.com\/en\/wp-json\/wp\/v2\/comments?post=419"}],"version-history":[{"count":0,"href":"https:\/\/esprodouro.com\/en\/wp-json\/wp\/v2\/pages\/419\/revisions"}],"wp:featuredmedia":[{"embeddable":true,"href":"https:\/\/esprodouro.com\/en\/wp-json\/wp\/v2\/media\/543"}],"wp:attachment":[{"href":"https:\/\/esprodouro.com\/en\/wp-json\/wp\/v2\/media?parent=419"}],"curies":[{"name":"wp","href":"https:\/\/api.w.org\/{rel}","templated":true}]}}