{"id":427,"date":"2019-03-01T13:12:33","date_gmt":"2019-03-01T13:12:33","guid":{"rendered":"https:\/\/esprodouro.com\/\/?page_id=427"},"modified":"2024-08-08T17:41:56","modified_gmt":"2024-08-08T17:41:56","slug":"cef-cursos-de-educacao-e-formacao","status":"publish","type":"page","link":"https:\/\/esprodouro.com\/en\/cef-cursos-de-educacao-e-formacao\/","title":{"rendered":"CEF &#8211; Cursos de Educa\u00e7\u00e3o e Forma\u00e7\u00e3o"},"content":{"rendered":"<p><strong>ELETRICISTA DE INSTALA\u00c7\u00d5ES (N\u00cdVEL 2)<\/strong><\/p>\n\n\n\n<p>Veja tudo em <a href=\"https:\/\/esprodouro.com\/en\/produto\/eletricista-de-instalacoes-nivel-2\/\">https:\/\/esprodouro.com\/\/produto\/eletricista-de-instalacoes-nivel-2\/<\/a><\/p>\n\n\n\n<figure class=\"wp-block-image is-resized\"><img fetchpriority=\"high\" decoding=\"async\" src=\"https:\/\/esprodouro.com\/\/wp-content\/uploads\/2019\/03\/cef_eletricistainstalacoes-724x1024.webp\" alt=\"\" class=\"wp-image-486\" width=\"239\" height=\"338\" srcset=\"https:\/\/esprodouro.com\/wp-content\/uploads\/2019\/03\/cef_eletricistainstalacoes-724x1024.webp 724w, https:\/\/esprodouro.com\/wp-content\/uploads\/2019\/03\/cef_eletricistainstalacoes-212x300.webp 212w, https:\/\/esprodouro.com\/wp-content\/uploads\/2019\/03\/cef_eletricistainstalacoes-8x12.webp 8w, https:\/\/esprodouro.com\/wp-content\/uploads\/2019\/03\/cef_eletricistainstalacoes.webp 764w\" sizes=\"(max-width: 239px) 100vw, 239px\" \/><\/figure>\n\n\n\n<p><strong>EMPREGADO DE RESTAURANTE \/ BAR (N\u00cdVEL 2)<\/strong><\/p>\n\n\n\n<p>Veja tudo em <a href=\"https:\/\/esprodouro.com\/en\/produto\/empregado-de-restaurante-bar-nivel-2\/\">https:\/\/esprodouro.com\/\/produto\/empregado-de-restaurante-bar-nivel-2\/ <\/a><\/p>\n\n\n\n<figure class=\"wp-block-image is-resized\"><img decoding=\"async\" src=\"https:\/\/esprodouro.com\/\/wp-content\/uploads\/2019\/03\/cef_empregadorestbar-724x1024.webp\" alt=\"\" class=\"wp-image-489\" width=\"235\" height=\"332\" srcset=\"https:\/\/esprodouro.com\/wp-content\/uploads\/2019\/03\/cef_empregadorestbar-724x1024.webp 724w, https:\/\/esprodouro.com\/wp-content\/uploads\/2019\/03\/cef_empregadorestbar-212x300.webp 212w, https:\/\/esprodouro.com\/wp-content\/uploads\/2019\/03\/cef_empregadorestbar-8x12.webp 8w, https:\/\/esprodouro.com\/wp-content\/uploads\/2019\/03\/cef_empregadorestbar.webp 764w\" sizes=\"(max-width: 235px) 100vw, 235px\" \/><\/figure>\n\n\n\n<p><strong>OPERADOR INFORM\u00c1TICA (N\u00cdVEL 2)<\/strong><\/p>\n\n\n\n<p>Veja tudo em <a href=\"https:\/\/esprodouro.com\/en\/produto\/operador-informatica-nivel-2\/\">https:\/\/esprodouro.com\/\/produto\/operador-informatica-nivel-2\/ <\/a><\/p>\n\n\n\n<figure class=\"wp-block-image is-resized\"><img decoding=\"async\" src=\"https:\/\/esprodouro.com\/\/wp-content\/uploads\/2019\/03\/cef_operadorinformatica-724x1024.webp\" alt=\"\" class=\"wp-image-491\" width=\"228\" height=\"322\" srcset=\"https:\/\/esprodouro.com\/wp-content\/uploads\/2019\/03\/cef_operadorinformatica-724x1024.webp 724w, https:\/\/esprodouro.com\/wp-content\/uploads\/2019\/03\/cef_operadorinformatica-212x300.webp 212w, https:\/\/esprodouro.com\/wp-content\/uploads\/2019\/03\/cef_operadorinformatica-8x12.webp 8w, https:\/\/esprodouro.com\/wp-content\/uploads\/2019\/03\/cef_operadorinformatica.webp 764w\" sizes=\"(max-width: 228px) 100vw, 228px\" \/><\/figure>","protected":false},"excerpt":{"rendered":"<p>ELETRICISTA DE INSTALA\u00c7\u00d5ES (N\u00cdVEL 2) Veja tudo em https:\/\/esprodouro.com\/\/produto\/eletricista-de-instalacoes-nivel-2\/ EMPREGADO DE RESTAURANTE \/ BAR (N\u00cdVEL 2) Veja tudo em https:\/\/esprodouro.com\/\/produto\/empregado-de-restaurante-bar-nivel-2\/ OPERADOR INFORM\u00c1TICA (N\u00cdVEL 2) Veja tudo em https:\/\/esprodouro.com\/\/produto\/operador-informatica-nivel-2\/<\/p>","protected":false},"author":267,"featured_media":528,"parent":0,"menu_order":0,"comment_status":"closed","ping_status":"closed","template":"","meta":{"slim_seo":{"title":"CEF - Cursos de Educa\u00e7\u00e3o e Forma\u00e7\u00e3o - ESPRODOURO","description":"ELETRICISTA DE INSTALA\u00c7\u00d5ES (N\u00cdVEL 2) Veja tudo em https:\/\/esprodouro.com\/\/produto\/eletricista-de-instalacoes-nivel-2\/ EMPREGADO DE RESTAURANTE \/ BAR (N\u00cdVEL 2) V"},"footnotes":""},"class_list":["post-427","page","type-page","status-publish","has-post-thumbnail","hentry"],"blocksy_meta":{"styles_descriptor":{"styles":{"desktop":"","tablet":"","mobile":""},"google_fonts":[],"version":6}},"_links":{"self":[{"href":"https:\/\/esprodouro.com\/en\/wp-json\/wp\/v2\/pages\/427","targetHints":{"allow":["GET"]}}],"collection":[{"href":"https:\/\/esprodouro.com\/en\/wp-json\/wp\/v2\/pages"}],"about":[{"href":"https:\/\/esprodouro.com\/en\/wp-json\/wp\/v2\/types\/page"}],"author":[{"embeddable":true,"href":"https:\/\/esprodouro.com\/en\/wp-json\/wp\/v2\/users\/267"}],"replies":[{"embeddable":true,"href":"https:\/\/esprodouro.com\/en\/wp-json\/wp\/v2\/comments?post=427"}],"version-history":[{"count":0,"href":"https:\/\/esprodouro.com\/en\/wp-json\/wp\/v2\/pages\/427\/revisions"}],"wp:featuredmedia":[{"embeddable":true,"href":"https:\/\/esprodouro.com\/en\/wp-json\/wp\/v2\/media\/528"}],"wp:attachment":[{"href":"https:\/\/esprodouro.com\/en\/wp-json\/wp\/v2\/media?parent=427"}],"curies":[{"name":"wp","href":"https:\/\/api.w.org\/{rel}","templated":true}]}}