{"id":5321,"date":"2020-04-25T18:44:49","date_gmt":"2020-04-25T18:44:49","guid":{"rendered":"https:\/\/esprodouro.com\/?page_id=5321"},"modified":"2024-08-11T09:58:04","modified_gmt":"2024-08-11T09:58:04","slug":"organizacao","status":"publish","type":"page","link":"https:\/\/esprodouro.com\/en\/organizacao\/","title":{"rendered":"Organiza\u00e7\u00e3o"},"content":{"rendered":"<div data-elementor-type=\"wp-page\" data-elementor-id=\"5321\" class=\"elementor elementor-5321\">\n\t\t\t\t\t\t<section class=\"elementor-section elementor-top-section elementor-element elementor-element-fad9c85 elementor-section-boxed elementor-section-height-default elementor-section-height-default\" data-id=\"fad9c85\" data-element_type=\"section\" data-e-type=\"section\">\n\t\t\t\t\t\t<div class=\"elementor-container elementor-column-gap-default\">\n\t\t\t\t\t<div class=\"elementor-column elementor-col-100 elementor-top-column elementor-element elementor-element-73f711e\" data-id=\"73f711e\" data-element_type=\"column\" data-e-type=\"column\">\n\t\t\t<div class=\"elementor-widget-wrap elementor-element-populated\">\n\t\t\t\t\t\t<div class=\"elementor-element elementor-element-720fcdf elementor-widget elementor-widget-heading\" data-id=\"720fcdf\" data-element_type=\"widget\" data-e-type=\"widget\" data-widget_type=\"heading.default\">\n\t\t\t\t<div class=\"elementor-widget-container\">\n\t\t\t\t\t<h1 class=\"elementor-heading-title elementor-size-default\">Organograma - Regulamentos e estatutos - Legisla\u00e7\u00e3o<\/h1>\t\t\t\t<\/div>\n\t\t\t\t<\/div>\n\t\t\t\t<div class=\"elementor-element elementor-element-1909bdf elementor-widget-divider--view-line elementor-widget elementor-widget-divider\" data-id=\"1909bdf\" data-element_type=\"widget\" data-e-type=\"widget\" data-widget_type=\"divider.default\">\n\t\t\t\t<div class=\"elementor-widget-container\">\n\t\t\t\t\t\t\t<div class=\"elementor-divider\">\n\t\t\t<span class=\"elementor-divider-separator\">\n\t\t\t\t\t\t<\/span>\n\t\t<\/div>\n\t\t\t\t\t\t<\/div>\n\t\t\t\t<\/div>\n\t\t\t\t<div class=\"elementor-element elementor-element-935edb2 elementor-widget elementor-widget-spacer\" data-id=\"935edb2\" data-element_type=\"widget\" data-e-type=\"widget\" data-widget_type=\"spacer.default\">\n\t\t\t\t<div class=\"elementor-widget-container\">\n\t\t\t\t\t\t\t<div class=\"elementor-spacer\">\n\t\t\t<div class=\"elementor-spacer-inner\"><\/div>\n\t\t<\/div>\n\t\t\t\t\t\t<\/div>\n\t\t\t\t<\/div>\n\t\t\t\t\t<\/div>\n\t\t<\/div>\n\t\t\t\t\t<\/div>\n\t\t<\/section>\n\t\t\t\t<\/div>","protected":false},"excerpt":{"rendered":"<p>Organograma &#8211; Regulamentos e estatutos &#8211; Legisla\u00e7\u00e3o Org\u00e3os da ASDOURO View Fullscreen Organograma ESPRODOURO Organograma ESPRODOURO Regulamentos e estatutos REGULAMENTOS Regulamento Interno&nbsp;(aprovado em 28\/07\/2021) Regulamento de FCT \u2013 Forma\u00e7\u00e3o em Contexto de Trabalho&nbsp;(aprovado em 5-9-2019) Regulamento de PAP \u2013 Provas de Aptid\u00e3o Profissional&nbsp;(aprovado em 5-9-2019) Plano de Inova\u00e7\u00e3o Pedag\u00f3gica (aprovado em 8-9-2020) Calend\u00e1rio Escolar 2021-2022&nbsp;(aprovado [&hellip;]<\/p>\n","protected":false},"author":5,"featured_media":0,"parent":0,"menu_order":0,"comment_status":"closed","ping_status":"closed","template":"","meta":{"slim_seo":{"title":"Organiza\u00e7\u00e3o - ESPRODOURO","description":"Organograma - Regulamentos e estatutos - Legisla\u00e7\u00e3o Org\u00e3os da ASDOURO View Fullscreen Organograma ESPRODOURO Organograma ESPRODOURO Regulamentos e estatutos REG"},"footnotes":""},"class_list":["post-5321","page","type-page","status-publish","hentry"],"blocksy_meta":{"styles_descriptor":{"styles":{"desktop":"","tablet":"","mobile":""},"google_fonts":[],"version":6}},"_links":{"self":[{"href":"https:\/\/esprodouro.com\/en\/wp-json\/wp\/v2\/pages\/5321","targetHints":{"allow":["GET"]}}],"collection":[{"href":"https:\/\/esprodouro.com\/en\/wp-json\/wp\/v2\/pages"}],"about":[{"href":"https:\/\/esprodouro.com\/en\/wp-json\/wp\/v2\/types\/page"}],"author":[{"embeddable":true,"href":"https:\/\/esprodouro.com\/en\/wp-json\/wp\/v2\/users\/5"}],"replies":[{"embeddable":true,"href":"https:\/\/esprodouro.com\/en\/wp-json\/wp\/v2\/comments?post=5321"}],"version-history":[{"count":0,"href":"https:\/\/esprodouro.com\/en\/wp-json\/wp\/v2\/pages\/5321\/revisions"}],"wp:attachment":[{"href":"https:\/\/esprodouro.com\/en\/wp-json\/wp\/v2\/media?parent=5321"}],"curies":[{"name":"wp","href":"https:\/\/api.w.org\/{rel}","templated":true}]}}