{"id":5571,"date":"2020-04-29T20:53:07","date_gmt":"2020-04-29T20:53:07","guid":{"rendered":"https:\/\/esprodouro.com\/job-openings\/"},"modified":"2021-07-27T14:16:49","modified_gmt":"2021-07-27T14:16:49","slug":"empregos","status":"publish","type":"page","link":"https:\/\/esprodouro.com\/en\/empregos\/","title":{"rendered":"Empregos"},"content":{"rendered":"\t\t<div data-elementor-type=\"wp-page\" data-elementor-id=\"5571\" class=\"elementor elementor-5571\">\n\t\t\t\t\t\t<section class=\"elementor-section elementor-top-section elementor-element elementor-element-261e6136 elementor-section-boxed elementor-section-height-default elementor-section-height-default\" data-id=\"261e6136\" data-element_type=\"section\" data-e-type=\"section\">\n\t\t\t\t\t\t<div class=\"elementor-container elementor-column-gap-default\">\n\t\t\t\t\t<div class=\"elementor-column elementor-col-100 elementor-top-column elementor-element elementor-element-48433fed\" data-id=\"48433fed\" data-element_type=\"column\" data-e-type=\"column\">\n\t\t\t<div class=\"elementor-widget-wrap elementor-element-populated\">\n\t\t\t\t\t\t<div class=\"elementor-element elementor-element-72794a5 elementor-widget elementor-widget-text-editor\" data-id=\"72794a5\" data-element_type=\"widget\" data-e-type=\"widget\" data-widget_type=\"text-editor.default\">\n\t\t\t\t<div class=\"elementor-widget-container\">\n\t\t\t\t\t\t\t\t\t<p>\t<div class=\"awsm-job-wrap\">\n\n\t\t<div class=\"awsm-filter-wrap\"><form action=\"https:\/\/esprodouro.com\/wp-admin\/admin-ajax.php\" method=\"POST\"><div class=\"awsm-filter-item-search\"><div class=\"awsm-filter-item-search-in\"><label for=\"awsm-jq-1\" class=\"awsm-sr-only\">Search<\/label><input type=\"text\" id=\"awsm-jq-1\" name=\"jq\" value=\"\" placeholder=\"Search\" class=\"awsm-job-search awsm-job-form-control\"><span class=\"awsm-job-search-btn awsm-job-search-icon-wrapper\"><i class=\"awsm-job-icon-search\"><\/i><\/span><span class=\"awsm-job-search-close-btn awsm-job-search-icon-wrapper awsm-job-hide\"><i class=\"awsm-job-icon-close-circle\"><\/i><\/span><\/div><\/div><a href=\"#\" class=\"awsm-filter-toggle\" role=\"button\" aria-pressed=\"false\"><span class=\"awsm-filter-toggle-text-wrapper awsm-sr-only\">Filter by<\/span><svg width=\"100\" height=\"100\" viewBox=\"0 0 100 100\" xmlns=\"http:\/\/www.w3.org\/2000\/svg\" version=\"1.1\" preserveAspectRatio=\"xMinYMin\"><path xmlns=\"http:\/\/www.w3.org\/2000\/svg\" fill=\"rgb(9.803922%,9.803922%,9.803922%)\" d=\"M 36.417969 19.9375 L 36.417969 17.265625 C 36.417969 16.160156 35.523438 15.265625 34.417969 15.265625 L 21.578125 15.265625 C 20.476562 15.265625 19.578125 16.160156 19.578125 17.265625 L 19.578125 19.9375 L 11 19.9375 L 11 26.9375 L 19.578125 26.9375 L 19.578125 30.105469 C 19.578125 31.210938 20.476562 32.105469 21.578125 32.105469 L 34.417969 32.105469 C 35.523438 32.105469 36.417969 31.210938 36.417969 30.105469 L 36.417969 26.9375 L 89 26.9375 L 89 19.9375 Z M 58.421875 43.578125 C 58.421875 42.476562 57.527344 41.578125 56.421875 41.578125 L 43.582031 41.578125 C 42.480469 41.578125 41.582031 42.476562 41.582031 43.578125 L 41.582031 46.5 L 11 46.5 L 11 53.5 L 41.582031 53.5 L 41.582031 56.421875 C 41.582031 57.527344 42.480469 58.421875 43.582031 58.421875 L 56.421875 58.421875 C 57.527344 58.421875 58.421875 57.527344 58.421875 56.421875 L 58.421875 53.5 L 89 53.5 L 89 46.5 L 58.421875 46.5 Z M 80.417969 70.140625 C 80.417969 69.035156 79.523438 68.140625 78.417969 68.140625 L 65.578125 68.140625 C 64.476562 68.140625 63.578125 69.035156 63.578125 70.140625 L 63.578125 73.0625 L 11 73.0625 L 11 80.0625 L 63.578125 80.0625 L 63.578125 82.984375 C 63.578125 84.085938 64.476562 84.984375 65.578125 84.984375 L 78.417969 84.984375 C 79.523438 84.984375 80.417969 84.085938 80.417969 82.984375 L 80.417969 80.0625 L 89 80.0625 L 89 73.0625 L 80.417969 73.0625 Z M 80.417969 70.140625\"\/><\/svg><\/a><div class=\"awsm-filter-items\"><div class=\"awsm-filter-item\" data-filter=\"job__category_spec\"><label for=\"awsm-job-category-filter-option-1\" class=\"awsm-sr-only\">All Categoria de Emprego<\/label><select name=\"awsm_job_spec[job-category]\" class=\"awsm-filter-option awsm-job-category-filter-option\" id=\"awsm-job-category-filter-option-1\" aria-label=\"All Categoria de Emprego\"><option value=\"\">All Categoria de Emprego<\/option><option value=\"260\" data-slug=\"contrato-a-termo-certo\">Contrato a termo certo<\/option><option value=\"261\" data-slug=\"contrato-a-termo-incerto\">Contrato a termo incerto<\/option><option value=\"370\" data-slug=\"contrato-sem-termo\">Contrato sem termo<\/option><option value=\"271\" data-slug=\"recibo-verde\">Recibo Verde<\/option><\/select><\/div><div class=\"awsm-filter-item\" data-filter=\"job__type_spec\"><label for=\"awsm-job-type-filter-option-1\" class=\"awsm-sr-only\">All Tipo de Emprego<\/label><select name=\"awsm_job_spec[job-type]\" class=\"awsm-filter-option awsm-job-type-filter-option\" id=\"awsm-job-type-filter-option-1\" aria-label=\"All Tipo de Emprego\"><option value=\"\">All Tipo de Emprego<\/option><option value=\"460\" data-slug=\"2-anos\">2 Anos<\/option><option value=\"256\" data-slug=\"full-time\">Full Time<\/option><option value=\"257\" data-slug=\"part-time\">Part Time<\/option><\/select><\/div><div class=\"awsm-filter-item\" data-filter=\"job__location_spec\"><label for=\"awsm-job-location-filter-option-1\" class=\"awsm-sr-only\">All \u00c1rea do Emprego<\/label><select name=\"awsm_job_spec[job-location]\" class=\"awsm-filter-option awsm-job-location-filter-option\" id=\"awsm-job-location-filter-option-1\" aria-label=\"All \u00c1rea do Emprego\"><option value=\"\">All \u00c1rea do Emprego<\/option><option value=\"457\" data-slug=\"biologia\">Biologia<\/option><option value=\"465\" data-slug=\"departamento-de-relacoes-internacionais\">Departamento de Rela\u00e7\u00f5es Internacionais<\/option><option value=\"319\" data-slug=\"docente\">Docente<\/option><option value=\"266\" data-slug=\"eletronica\">Eletr\u00f3nica<\/option><option value=\"466\" data-slug=\"erasums\">ERASUMS<\/option><option value=\"265\" data-slug=\"informatica-e-computacao\">Informatica e Computa\u00e7\u00e3o<\/option><option value=\"461\" data-slug=\"matematica\">Matem\u00e1tica<\/option><\/select><\/div><div class=\"awsm-filter-item\" data-filter=\"localidade_spec\"><label for=\"awsm-localidade-filter-option-1\" class=\"awsm-sr-only\">All Regi\u00e3o<\/label><select name=\"awsm_job_spec[localidade]\" class=\"awsm-filter-option awsm-localidade-filter-option\" id=\"awsm-localidade-filter-option-1\" aria-label=\"All Regi\u00e3o\"><option value=\"\">All Regi\u00e3o<\/option><option value=\"369\" data-slug=\"guarda\">Guarda<\/option><option value=\"280\" data-slug=\"sao-joao-da-pesqueira\">S\u00e3o Joao da Pesqueira<\/option><\/select><\/div><div class=\"awsm-filter-item\" data-filter=\"hab__literarias_spec\"><label for=\"awsm-hab-literarias-filter-option-1\" class=\"awsm-sr-only\">All Habilita\u00e7\u00f5es Liter\u00e1rias<\/label><select name=\"awsm_job_spec[hab-literarias]\" class=\"awsm-filter-option awsm-hab-literarias-filter-option\" id=\"awsm-hab-literarias-filter-option-1\" aria-label=\"All Habilita\u00e7\u00f5es Liter\u00e1rias\"><option value=\"\">All Habilita\u00e7\u00f5es Liter\u00e1rias<\/option><option value=\"296\" data-slug=\"12o-ano-de-escolaridade\">12\u00ba Ano de Escolaridade<\/option><option value=\"297\" data-slug=\"ensino-superior\">Ensino Superior<\/option><option value=\"467\" data-slug=\"ingles-minimo-b2\">Ingl\u00eas (m\u00ednimo B2)<\/option><option value=\"459\" data-slug=\"licenciado-com-120-creditos-50-a-70-em-biologia-e-50-a-70-em-geologia\">Licenciado com 120 cr\u00e9ditos (50 a 70 em Biologia e 50 a 70 em Geologia).<\/option><option value=\"456\" data-slug=\"licenciado-com-120-creditos-50-a-70-em-fisica-e-50-a-70-em-quimica\">Licenciado com 120 cr\u00e9ditos (50 a 70 em F\u00edsica e 50 a 70 em Qu\u00edmica)<\/option><option value=\"462\" data-slug=\"licenciado-em-matematica-codigo-500\">Licenciado em Matem\u00e1tica (c\u00f3digo 500)<\/option><option value=\"464\" data-slug=\"mestre-com-120-ects-na-area-de-informatica\">Mestre com 120 ECTS na \u00e1rea de Inform\u00e1tica<\/option><option value=\"458\" data-slug=\"professor-de-biologia-grupo-de-recrutamento-520-secundario\">Professor de Biologia (Grupo de Recrutamento 520 &#8211; Secund\u00e1rio)<\/option><option value=\"455\" data-slug=\"professor-de-fisico-quimica-grupo-de-recrutamento-510-secundario\">Professor de F\u00edsico-Qu\u00edmica (Grupo de Recrutamento 510 &#8211; Secund\u00e1rio)<\/option><option value=\"463\" data-slug=\"professor-de-informatica-grupo-de-recrutamento-550-secundario\">Professor de Inform\u00e1tica (Grupo de Recrutamento 550 &#8211; Secund\u00e1rio)<\/option><\/select><\/div><\/div><input type=\"hidden\" name=\"action\" value=\"jobfilter\"><\/form><\/div>\n\t\t<div class=\"awsm-job-listings awsm-row awsm-grid-col-3\" data-listings=\"9\">\n\t\t\t\t\t<div class=\"awsm-job-listing-item awsm-grid-item\" id=\"awsm-grid-item-19530\">\t\t<a href=\"https:\/\/esprodouro.com\/en\/diretorio-empregos\/tecnico-superior-departamento-de-relacoes-internacionais\/\" class=\"awsm-job-item\">\t\t\t<div class=\"awsm-grid-left-col\">\n\t\t\t\t\n\t\t\t\t\n\t\t\t\t<h2 class=\"awsm-job-post-title\">\n\t\t\t\t\tT\u00e9cnico Superior Departamento de Rela\u00e7\u00f5es Internacionais\t\t\t\t<\/h2>\n\n\t\t\t\t\t\t\t<\/div>\n\n\t\t\t<div class=\"awsm-grid-right-col\">\n\t\t\t\t<div class=\"awsm-job-specification-wrapper\"><div class=\"awsm-job-specification-item awsm-job-specification-job-category\"><i class=\"awsm-job-icon-briefcase\"><\/i><span class=\"awsm-job-specification-term\">Contrato a termo certo<\/span> <\/div><div class=\"awsm-job-specification-item awsm-job-specification-job-type\"><i class=\"awsm-job-icon-clock-o\"><\/i><span class=\"awsm-job-specification-term\">Full Time<\/span> <\/div><div class=\"awsm-job-specification-item awsm-job-specification-job-location\"><i class=\"awsm-job-icon-align-justify\"><\/i><span class=\"awsm-job-specification-term\">Departamento de Rela\u00e7\u00f5es Internacionais<\/span> <span class=\"awsm-job-specification-term\">ERASUMS<\/span> <\/div><div class=\"awsm-job-specification-item awsm-job-specification-localidade\"><i class=\"awsm-job-icon-map-marker\"><\/i><span class=\"awsm-job-specification-term\">S\u00e3o Joao da Pesqueira<\/span> <\/div><div class=\"awsm-job-specification-item awsm-job-specification-hab-literarias\"><i class=\"awsm-job-icon-certificate\"><\/i><span class=\"awsm-job-specification-term\">Ensino Superior<\/span> <span class=\"awsm-job-specification-term\">Ingl\u00eas (m\u00ednimo B2)<\/span> <\/div><\/div><div class=\"awsm-job-more-container\"><span class=\"awsm-job-more\">More Details <span><\/span><\/span><\/div>\t\t\t<\/div>\n\t\t<\/a>\t<\/div><div class=\"awsm-job-listing-item awsm-grid-item\" id=\"awsm-grid-item-19528\">\t\t<a href=\"https:\/\/esprodouro.com\/en\/diretorio-empregos\/professor-informatica-tic-area-550-informatica\/\" class=\"awsm-job-item\">\t\t\t<div class=\"awsm-grid-left-col\">\n\t\t\t\t\n\t\t\t\t\n\t\t\t\t<h2 class=\"awsm-job-post-title\">\n\t\t\t\t\tProfessor Inform\u00e1tica (TIC) &#8211; \u00c1rea 550 Inform\u00e1tica\t\t\t\t<\/h2>\n\n\t\t\t\t\t\t\t<\/div>\n\n\t\t\t<div class=\"awsm-grid-right-col\">\n\t\t\t\t<div class=\"awsm-job-specification-wrapper\"><div class=\"awsm-job-specification-item awsm-job-specification-job-category\"><i class=\"awsm-job-icon-briefcase\"><\/i><span class=\"awsm-job-specification-term\">Contrato a termo certo<\/span> <\/div><div class=\"awsm-job-specification-item awsm-job-specification-job-type\"><i class=\"awsm-job-icon-clock-o\"><\/i><span class=\"awsm-job-specification-term\">Full Time<\/span> <\/div><div class=\"awsm-job-specification-item awsm-job-specification-job-location\"><i class=\"awsm-job-icon-align-justify\"><\/i><span class=\"awsm-job-specification-term\">Informatica e Computa\u00e7\u00e3o<\/span> <\/div><div class=\"awsm-job-specification-item awsm-job-specification-localidade\"><i class=\"awsm-job-icon-map-marker\"><\/i><span class=\"awsm-job-specification-term\">S\u00e3o Joao da Pesqueira<\/span> <\/div><div class=\"awsm-job-specification-item awsm-job-specification-hab-literarias\"><i class=\"awsm-job-icon-certificate\"><\/i><span class=\"awsm-job-specification-term\">Mestre com 120 ECTS na \u00e1rea de Inform\u00e1tica<\/span> <span class=\"awsm-job-specification-term\">Professor de Inform\u00e1tica (Grupo de Recrutamento 550 &#8211; Secund\u00e1rio)<\/span> <\/div><\/div><div class=\"awsm-job-more-container\"><span class=\"awsm-job-more\">More Details <span><\/span><\/span><\/div>\t\t\t<\/div>\n\t\t<\/a>\t<\/div><div class=\"awsm-job-listing-item awsm-grid-item\" id=\"awsm-grid-item-17589\">\t\t<a href=\"https:\/\/esprodouro.com\/en\/diretorio-empregos\/professor-a-de-matematica\/\" class=\"awsm-job-item\">\t\t\t<div class=\"awsm-grid-left-col\">\n\t\t\t\t\n\t\t\t\t\n\t\t\t\t<h2 class=\"awsm-job-post-title\">\n\t\t\t\t\tProfessor\/a de Matem\u00e1tica\t\t\t\t<\/h2>\n\n\t\t\t\t\t\t\t<\/div>\n\n\t\t\t<div class=\"awsm-grid-right-col\">\n\t\t\t\t<div class=\"awsm-job-specification-wrapper\"><div class=\"awsm-job-specification-item awsm-job-specification-job-category\"><i class=\"awsm-job-icon-briefcase\"><\/i><span class=\"awsm-job-specification-term\">Contrato a termo certo<\/span> <\/div><div class=\"awsm-job-specification-item awsm-job-specification-job-type\"><i class=\"awsm-job-icon-clock-o\"><\/i><span class=\"awsm-job-specification-term\">2 Anos<\/span> <span class=\"awsm-job-specification-term\">Full Time<\/span> <\/div><div class=\"awsm-job-specification-item awsm-job-specification-job-location\"><i class=\"awsm-job-icon-align-justify\"><\/i><span class=\"awsm-job-specification-term\">Matem\u00e1tica<\/span> <\/div><div class=\"awsm-job-specification-item awsm-job-specification-localidade\"><i class=\"awsm-job-icon-map-marker\"><\/i><span class=\"awsm-job-specification-term\">S\u00e3o Joao da Pesqueira<\/span> <\/div><div class=\"awsm-job-specification-item awsm-job-specification-hab-literarias\"><i class=\"awsm-job-icon-certificate\"><\/i><span class=\"awsm-job-specification-term\">Licenciado em Matem\u00e1tica (c\u00f3digo 500)<\/span> <\/div><\/div><div class=\"awsm-job-more-container\"><span class=\"awsm-job-more\">More Details <span><\/span><\/span><\/div>\t\t\t<\/div>\n\t\t<\/a>\t<\/div><div class=\"awsm-job-listing-item awsm-grid-item\" id=\"awsm-grid-item-17181\">\t\t<a href=\"https:\/\/esprodouro.com\/en\/diretorio-empregos\/professor-de-biologia\/\" class=\"awsm-job-item\">\t\t\t<div class=\"awsm-grid-left-col\">\n\t\t\t\t\n\t\t\t\t\n\t\t\t\t<h2 class=\"awsm-job-post-title\">\n\t\t\t\t\tProfessor de Biologia\t\t\t\t<\/h2>\n\n\t\t\t\t\t\t\t<\/div>\n\n\t\t\t<div class=\"awsm-grid-right-col\">\n\t\t\t\t<div class=\"awsm-job-specification-wrapper\"><div class=\"awsm-job-specification-item awsm-job-specification-job-category\"><i class=\"awsm-job-icon-briefcase\"><\/i><span class=\"awsm-job-specification-term\">Contrato a termo certo<\/span> <span class=\"awsm-job-specification-term\">Recibo Verde<\/span> <\/div><div class=\"awsm-job-specification-item awsm-job-specification-job-type\"><i class=\"awsm-job-icon-clock-o\"><\/i><span class=\"awsm-job-specification-term\">Part Time<\/span> <\/div><div class=\"awsm-job-specification-item awsm-job-specification-job-location\"><i class=\"awsm-job-icon-align-justify\"><\/i><span class=\"awsm-job-specification-term\">Biologia<\/span> <\/div><div class=\"awsm-job-specification-item awsm-job-specification-localidade\"><i class=\"awsm-job-icon-map-marker\"><\/i><span class=\"awsm-job-specification-term\">S\u00e3o Joao da Pesqueira<\/span> <\/div><div class=\"awsm-job-specification-item awsm-job-specification-hab-literarias\"><i class=\"awsm-job-icon-certificate\"><\/i><span class=\"awsm-job-specification-term\">Licenciado com 120 cr\u00e9ditos (50 a 70 em Biologia e 50 a 70 em Geologia).<\/span> <span class=\"awsm-job-specification-term\">Professor de Biologia (Grupo de Recrutamento 520 &#8211; Secund\u00e1rio)<\/span> <\/div><\/div><div class=\"awsm-job-more-container\"><span class=\"awsm-job-more\">More Details <span><\/span><\/span><\/div>\t\t\t<\/div>\n\t\t<\/a>\t<\/div><div class=\"awsm-job-listing-item awsm-grid-item\" id=\"awsm-grid-item-17175\">\t\t<a href=\"https:\/\/esprodouro.com\/en\/diretorio-empregos\/professor-fisico-quimica\/\" class=\"awsm-job-item\">\t\t\t<div class=\"awsm-grid-left-col\">\n\t\t\t\t\n\t\t\t\t\n\t\t\t\t<h2 class=\"awsm-job-post-title\">\n\t\t\t\t\tProfessor F\u00edsico-Qu\u00edmica\t\t\t\t<\/h2>\n\n\t\t\t\t\t\t\t<\/div>\n\n\t\t\t<div class=\"awsm-grid-right-col\">\n\t\t\t\t<div class=\"awsm-job-specification-wrapper\"><div class=\"awsm-job-specification-item awsm-job-specification-job-category\"><i class=\"awsm-job-icon-briefcase\"><\/i><span class=\"awsm-job-specification-term\">Contrato a termo certo<\/span> <span class=\"awsm-job-specification-term\">Contrato a termo incerto<\/span> <\/div><div class=\"awsm-job-specification-item awsm-job-specification-job-type\"><i class=\"awsm-job-icon-clock-o\"><\/i><span class=\"awsm-job-specification-term\">Full Time<\/span> <\/div><div class=\"awsm-job-specification-item awsm-job-specification-job-location\"><i class=\"awsm-job-icon-align-justify\"><\/i><span class=\"awsm-job-specification-term\">Docente<\/span> <\/div><div class=\"awsm-job-specification-item awsm-job-specification-localidade\"><i class=\"awsm-job-icon-map-marker\"><\/i><span class=\"awsm-job-specification-term\">S\u00e3o Joao da Pesqueira<\/span> <\/div><div class=\"awsm-job-specification-item awsm-job-specification-hab-literarias\"><i class=\"awsm-job-icon-certificate\"><\/i><span class=\"awsm-job-specification-term\">Licenciado com 120 cr\u00e9ditos (50 a 70 em F\u00edsica e 50 a 70 em Qu\u00edmica)<\/span> <span class=\"awsm-job-specification-term\">Professor de F\u00edsico-Qu\u00edmica (Grupo de Recrutamento 510 &#8211; Secund\u00e1rio)<\/span> <\/div><\/div><div class=\"awsm-job-more-container\"><span class=\"awsm-job-more\">More Details <span><\/span><\/span><\/div>\t\t\t<\/div>\n\t\t<\/a>\t<\/div><div class=\"awsm-job-listing-item awsm-grid-item\" id=\"awsm-grid-item-13904\">\t\t<a href=\"https:\/\/esprodouro.com\/en\/diretorio-empregos\/tecnico-a-de-eletricidade-ligacoes-a-rede-guarda\/\" class=\"awsm-job-item\">\t\t\t<div class=\"awsm-grid-left-col\">\n\t\t\t\t\n\t\t\t\t\n\t\t\t\t<h2 class=\"awsm-job-post-title\">\n\t\t\t\t\tT\u00e9cnico\/a de Eletricidade &#8211; Liga\u00e7\u00f5es \u00e0 Rede (Guarda)\t\t\t\t<\/h2>\n\n\t\t\t\t\t\t\t<\/div>\n\n\t\t\t<div class=\"awsm-grid-right-col\">\n\t\t\t\t<div class=\"awsm-job-specification-wrapper\"><div class=\"awsm-job-specification-item awsm-job-specification-job-category\"><i class=\"awsm-job-icon-briefcase\"><\/i><span class=\"awsm-job-specification-term\">Contrato sem termo<\/span> <\/div><div class=\"awsm-job-specification-item awsm-job-specification-job-type\"><i class=\"awsm-job-icon-clock-o\"><\/i><span class=\"awsm-job-specification-term\">Full Time<\/span> <\/div><div class=\"awsm-job-specification-item awsm-job-specification-job-location\"><i class=\"awsm-job-icon-align-justify\"><\/i><span class=\"awsm-job-specification-term\">Eletr\u00f3nica<\/span> <\/div><div class=\"awsm-job-specification-item awsm-job-specification-localidade\"><i class=\"awsm-job-icon-map-marker\"><\/i><span class=\"awsm-job-specification-term\">Guarda<\/span> <\/div><div class=\"awsm-job-specification-item awsm-job-specification-hab-literarias\"><i class=\"awsm-job-icon-certificate\"><\/i><span class=\"awsm-job-specification-term\">12\u00ba Ano de Escolaridade<\/span> <\/div><\/div><div class=\"awsm-job-more-container\"><span class=\"awsm-job-more\">More Details <span><\/span><\/span><\/div>\t\t\t<\/div>\n\t\t<\/a>\t<\/div><div class=\"awsm-job-listing-item awsm-job-expired-item awsm-grid-item\" id=\"awsm-grid-item-5593\">\t\t<a href=\"https:\/\/esprodouro.com\/en\/?post_type=awsm_job_openings&#038;p=5593\" class=\"awsm-job-item\">\t\t\t<div class=\"awsm-grid-left-col\">\n\t\t\t\t\n\t\t\t\t\n\t\t\t\t<h2 class=\"awsm-job-post-title\">\n\t\t\t\t\tEmpregado de Pastelaria\t\t\t\t<\/h2>\n\n\t\t\t\t\t\t\t<\/div>\n\n\t\t\t<div class=\"awsm-grid-right-col\">\n\t\t\t\t<div class=\"awsm-job-specification-wrapper\"><div class=\"awsm-job-specification-item awsm-job-specification-job-category\"><i class=\"awsm-job-icon-briefcase\"><\/i><span class=\"awsm-job-specification-term\">Contrato a termo certo<\/span> <\/div><div class=\"awsm-job-specification-item awsm-job-specification-job-type\"><i class=\"awsm-job-icon-clock-o\"><\/i><span class=\"awsm-job-specification-term\">Full Time<\/span> <\/div><div class=\"awsm-job-specification-item awsm-job-specification-job-location\"><i class=\"awsm-job-icon-align-justify\"><\/i><span class=\"awsm-job-specification-term\">Cozinha e Pastelaria<\/span> <\/div><div class=\"awsm-job-specification-item awsm-job-specification-localidade\"><i class=\"awsm-job-icon-map-marker\"><\/i><span class=\"awsm-job-specification-term\">Celorico da Beira<\/span> <\/div><div class=\"awsm-job-specification-item awsm-job-specification-hab-literarias\"><i class=\"awsm-job-icon-certificate\"><\/i><span class=\"awsm-job-specification-term\">9\u00ba Ano de Escolaridade<\/span> <\/div><\/div><div class=\"awsm-job-more-container\"><span class=\"awsm-job-more\">More Details <span><\/span><\/span><\/div>\t\t\t<\/div>\n\t\t<\/a>\t<\/div><div class=\"awsm-job-listing-item awsm-job-expired-item awsm-grid-item\" id=\"awsm-grid-item-5592\">\t\t<a href=\"https:\/\/esprodouro.com\/en\/?post_type=awsm_job_openings&#038;p=5592\" class=\"awsm-job-item\">\t\t\t<div class=\"awsm-grid-left-col\">\n\t\t\t\t\n\t\t\t\t\n\t\t\t\t<h2 class=\"awsm-job-post-title\">\n\t\t\t\t\tT\u00e9cnico de Computadores\t\t\t\t<\/h2>\n\n\t\t\t\t\t\t\t<\/div>\n\n\t\t\t<div class=\"awsm-grid-right-col\">\n\t\t\t\t<div class=\"awsm-job-specification-wrapper\"><div class=\"awsm-job-specification-item awsm-job-specification-job-category\"><i class=\"awsm-job-icon-briefcase\"><\/i><span class=\"awsm-job-specification-term\">Est\u00e1gio<\/span> <\/div><div class=\"awsm-job-specification-item awsm-job-specification-job-type\"><i class=\"awsm-job-icon-clock-o\"><\/i><span class=\"awsm-job-specification-term\">Part Time<\/span> <\/div><div class=\"awsm-job-specification-item awsm-job-specification-job-location\"><i class=\"awsm-job-icon-align-justify\"><\/i><span class=\"awsm-job-specification-term\">Eletr\u00f3nica<\/span> <span class=\"awsm-job-specification-term\">Informatica e Computa\u00e7\u00e3o<\/span> <\/div><div class=\"awsm-job-specification-item awsm-job-specification-localidade\"><i class=\"awsm-job-icon-map-marker\"><\/i><span class=\"awsm-job-specification-term\">S\u00e3o Joao da Pesqueira<\/span> <\/div><div class=\"awsm-job-specification-item awsm-job-specification-hab-literarias\"><i class=\"awsm-job-icon-certificate\"><\/i><span class=\"awsm-job-specification-term\">12\u00ba Ano de Escolaridade<\/span> <\/div><\/div><div class=\"awsm-job-more-container\"><span class=\"awsm-job-more\">More Details <span><\/span><\/span><\/div>\t\t\t<\/div>\n\t\t<\/a>\t<\/div><div class=\"awsm-job-listing-item awsm-job-expired-item awsm-grid-item\" id=\"awsm-grid-item-5572\">\t\t<a href=\"https:\/\/esprodouro.com\/en\/?post_type=awsm_job_openings&#038;p=5572\" class=\"awsm-job-item\">\t\t\t<div class=\"awsm-grid-left-col\">\n\t\t\t\t\n\t\t\t\t\n\t\t\t\t<h2 class=\"awsm-job-post-title\">\n\t\t\t\t\tEmpregado de Bar\t\t\t\t<\/h2>\n\n\t\t\t\t\t\t\t<\/div>\n\n\t\t\t<div class=\"awsm-grid-right-col\">\n\t\t\t\t<div class=\"awsm-job-specification-wrapper\"><div class=\"awsm-job-specification-item awsm-job-specification-job-category\"><i class=\"awsm-job-icon-briefcase\"><\/i><span class=\"awsm-job-specification-term\">Est\u00e1gio<\/span> <\/div><div class=\"awsm-job-specification-item awsm-job-specification-job-type\"><i class=\"awsm-job-icon-clock-o\"><\/i><span class=\"awsm-job-specification-term\">Part Time<\/span> <\/div><div class=\"awsm-job-specification-item awsm-job-specification-job-location\"><i class=\"awsm-job-icon-align-justify\"><\/i><span class=\"awsm-job-specification-term\">Restaura\u00e7\u00e3o<\/span> <\/div><div class=\"awsm-job-specification-item awsm-job-specification-localidade\"><i class=\"awsm-job-icon-map-marker\"><\/i><span class=\"awsm-job-specification-term\">Viseu<\/span> <\/div><div class=\"awsm-job-specification-item awsm-job-specification-hab-literarias\"><i class=\"awsm-job-icon-certificate\"><\/i><span class=\"awsm-job-specification-term\">12\u00ba Ano de Escolaridade<\/span> <\/div><\/div><div class=\"awsm-job-more-container\"><span class=\"awsm-job-more\">More Details <span><\/span><\/span><\/div>\t\t\t<\/div>\n\t\t<\/a>\t<\/div>\t\t\t\t<\/div>\n\t<\/div>\n<\/p>\t\t\t\t\t\t\t\t<\/div>\n\t\t\t\t<\/div>\n\t\t\t\t\t<\/div>\n\t\t<\/div>\n\t\t\t\t\t<\/div>\n\t\t<\/section>\n\t\t\t\t<section class=\"elementor-section elementor-top-section elementor-element elementor-element-3055297 elementor-section-boxed elementor-section-height-default elementor-section-height-default\" data-id=\"3055297\" data-element_type=\"section\" data-e-type=\"section\" data-settings=\"{&quot;background_background&quot;:&quot;classic&quot;}\">\n\t\t\t\t\t\t<div class=\"elementor-container elementor-column-gap-default\">\n\t\t\t\t\t<div class=\"elementor-column elementor-col-100 elementor-top-column elementor-element elementor-element-fcb5dd6\" data-id=\"fcb5dd6\" data-element_type=\"column\" data-e-type=\"column\">\n\t\t\t<div class=\"elementor-widget-wrap elementor-element-populated\">\n\t\t\t\t\t\t<div class=\"elementor-element elementor-element-ae9a48c elementor-widget elementor-widget-heading\" data-id=\"ae9a48c\" data-element_type=\"widget\" data-e-type=\"widget\" data-widget_type=\"heading.default\">\n\t\t\t\t<div class=\"elementor-widget-container\">\n\t\t\t\t\t<h2 class=\"elementor-heading-title elementor-size-default\">Empregador partilhe connosco todo vosso potencial!!!<\/h2>\t\t\t\t<\/div>\n\t\t\t\t<\/div>\n\t\t\t\t\t<\/div>\n\t\t<\/div>\n\t\t\t\t\t<\/div>\n\t\t<\/section>\n\t\t\t\t<\/div>\n\t\t","protected":false},"excerpt":{"rendered":"<p>Empregador partilhe connosco todo vosso potencial!!! Publicar Vaga de Emprego Publicar Vaga de Emprego \u00d7 [caldera_form id=&#8221;CF5eaacdc79d665&#8243;] Diret\u00f3rio de Empregos ESPRODOURO Close<\/p>\n","protected":false},"author":5,"featured_media":0,"parent":0,"menu_order":0,"comment_status":"closed","ping_status":"closed","template":"","meta":{"slim_seo":{"title":"Empregado de Bar - ESPRODOURO","description":"Empresa Resumo do trabalho Estamos procurando um t\u00e9cnico competente de suporte t\u00e9cnico para fornecer assist\u00eancia t\u00e9cnica r\u00e1pida e \u00fatil em sistemas de computador"},"footnotes":""},"class_list":["post-5571","page","type-page","status-publish","hentry"],"blocksy_meta":{"styles_descriptor":{"styles":{"desktop":"","tablet":"","mobile":""},"google_fonts":[],"version":6}},"_links":{"self":[{"href":"https:\/\/esprodouro.com\/en\/wp-json\/wp\/v2\/pages\/5571","targetHints":{"allow":["GET"]}}],"collection":[{"href":"https:\/\/esprodouro.com\/en\/wp-json\/wp\/v2\/pages"}],"about":[{"href":"https:\/\/esprodouro.com\/en\/wp-json\/wp\/v2\/types\/page"}],"author":[{"embeddable":true,"href":"https:\/\/esprodouro.com\/en\/wp-json\/wp\/v2\/users\/5"}],"replies":[{"embeddable":true,"href":"https:\/\/esprodouro.com\/en\/wp-json\/wp\/v2\/comments?post=5571"}],"version-history":[{"count":0,"href":"https:\/\/esprodouro.com\/en\/wp-json\/wp\/v2\/pages\/5571\/revisions"}],"wp:attachment":[{"href":"https:\/\/esprodouro.com\/en\/wp-json\/wp\/v2\/media?parent=5571"}],"curies":[{"name":"wp","href":"https:\/\/api.w.org\/{rel}","templated":true}]}}