{"id":5948,"date":"2020-05-26T23:08:33","date_gmt":"2020-05-26T23:08:33","guid":{"rendered":"https:\/\/esprodouro.com\/?page_id=5948"},"modified":"2022-08-22T11:51:25","modified_gmt":"2022-08-22T11:51:25","slug":"inqueritos","status":"publish","type":"page","link":"https:\/\/esprodouro.com\/en\/inqueritos\/","title":{"rendered":"Inqu\u00e9ritos"},"content":{"rendered":"<p>Diplomados &#8211; Situa\u00e7\u00e3o Profissional (<a href=\"https:\/\/forms.gle\/BJ4nf3Nb3iGyQu4TA\">ver aqui<\/a>)<\/p>\n<p>Diplomados a prosseguir estudos (<a href=\"https:\/\/forms.gle\/VCnXJDowcgbN5wpz6\">ver aqui<\/a>)<\/p>\n<p>Diplomados desempregados (<a href=\"https:\/\/forms.gle\/VoupwXQcT2A5sqb9A\">ver aqui<\/a>)<\/p>\n<p>FCT Satisfa\u00e7\u00e3o das Entidades de Acolhimento (<a href=\"https:\/\/forms.gle\/2rKwjBkw52hfnRPa8\">ver aqui<\/a>)<\/p>\n<p>Satisfa\u00e7\u00e3o dos Empregadores (<a href=\"https:\/\/forms.gle\/UBHo1eCHJcJ2Ly1w9\">ver aqui<\/a>)<\/p>\n<p>Satisfa\u00e7\u00e3o da Entidade de Acolhimento com a FCT (<a href=\"https:\/\/forms.gle\/CxKKqsXKSi2PFYB79\">ver aqui<\/a>)<\/p>\n<p>Inqu\u00e9rito de Conclus\u00e3o de M\u00f3dulo\/UFCD\/UF (<a href=\"https:\/\/forms.gle\/cM77CM4BqzpqS49T8\">ver aqui<\/a>)<\/p>\n<div style=\"overflow:hidden;height:1px;\">\n<p>Pokud poka\u017ed\u00e9 zvednete \u010dinku a b\u011b\u017e\u00edte a p\u0159ekon\u00e1te bolest v cel\u00e9m t\u011ble, &#8211; kde by m\u011bla p\u0159ich\u00e1zet s\u00edla? P\u0159\u00edli\u0161 aktivn\u00ed sporty mohou mimochodem sn\u00ed\u017eit imunitu, zhor\u0161it sp\u00e1nek a n\u00e1ladu. Nemoc, \u00fanava a deprese zabij\u00ed touhu &#8211; a to nen\u00ed to, co jste v\u016fbec cht\u011bli z <a href=\"https:\/\/lekarnacz24.com\/levitra-generic-bez-predpisu-online-lekarna\/\">levitra generika<\/a> Pokud nem\u00e1te \u010das se zotavit po p\u0159edchoz\u00edm tr\u00e9ninku &#8211; je to d\u016fvod k p\u0159ezkoum\u00e1n\u00ed programu a intenzity t\u0159\u00edd.<\/p>\n<\/div>","protected":false},"excerpt":{"rendered":"<p>Diplomados &#8211; Situa\u00e7\u00e3o Profissional (ver aqui) Diplomados a prosseguir estudos (ver aqui) Diplomados desempregados (ver aqui) FCT Satisfa\u00e7\u00e3o das Entidades de Acolhimento (ver aqui) Satisfa\u00e7\u00e3o dos Empregadores (ver aqui) Satisfa\u00e7\u00e3o da Entidade de Acolhimento com a FCT (ver aqui) Inqu\u00e9rito de Conclus\u00e3o de M\u00f3dulo\/UFCD\/UF (ver aqui) Pokud poka\u017ed\u00e9 zvednete \u010dinku a b\u011b\u017e\u00edte a p\u0159ekon\u00e1te bolest [&hellip;]<\/p>\n","protected":false},"author":267,"featured_media":0,"parent":0,"menu_order":0,"comment_status":"closed","ping_status":"closed","template":"","meta":{"slim_seo":{"title":"Inqu\u00e9ritos - ESPRODOURO","description":"Diplomados - Situa\u00e7\u00e3o Profissional ( ver aqui ) Diplomados a prosseguir estudos ( ver aqui ) Diplomados desempregados ( ver aqui ) FCT Satisfa\u00e7\u00e3o das Entidades"},"footnotes":""},"class_list":["post-5948","page","type-page","status-publish","hentry"],"blocksy_meta":{"styles_descriptor":{"styles":{"desktop":"","tablet":"","mobile":""},"google_fonts":[],"version":6}},"_links":{"self":[{"href":"https:\/\/esprodouro.com\/en\/wp-json\/wp\/v2\/pages\/5948","targetHints":{"allow":["GET"]}}],"collection":[{"href":"https:\/\/esprodouro.com\/en\/wp-json\/wp\/v2\/pages"}],"about":[{"href":"https:\/\/esprodouro.com\/en\/wp-json\/wp\/v2\/types\/page"}],"author":[{"embeddable":true,"href":"https:\/\/esprodouro.com\/en\/wp-json\/wp\/v2\/users\/267"}],"replies":[{"embeddable":true,"href":"https:\/\/esprodouro.com\/en\/wp-json\/wp\/v2\/comments?post=5948"}],"version-history":[{"count":0,"href":"https:\/\/esprodouro.com\/en\/wp-json\/wp\/v2\/pages\/5948\/revisions"}],"wp:attachment":[{"href":"https:\/\/esprodouro.com\/en\/wp-json\/wp\/v2\/media?parent=5948"}],"curies":[{"name":"wp","href":"https:\/\/api.w.org\/{rel}","templated":true}]}}