{"id":85,"date":"2018-02-15T10:42:33","date_gmt":"2018-02-15T10:42:33","guid":{"rendered":"https:\/\/esprodouro.com\/\/?page_id=85"},"modified":"2020-04-25T20:28:00","modified_gmt":"2020-04-25T20:28:00","slug":"revista-olhares","status":"publish","type":"page","link":"https:\/\/esprodouro.com\/en\/revista-olhares\/","title":{"rendered":"Revista Olhares"},"content":{"rendered":"<table style=\"height: 666px;\" width=\"561\">\n<tbody>\n<tr>\n<td><a href=\"http:\/\/www.youblisher.com\/p\/1383802-Revista-Olhares-38o\/\" target=\"_blank\" rel=\"noopener noreferrer\"><img decoding=\"async\" class=\"aligncenter\" src=\"http:\/\/www.youblisher.com\/files\/publications\/231\/1383802\/200x300.jpg\" alt=\"Revista Olhares 38\u00ba\" \/><\/a><\/td>\n<td><a href=\"http:\/\/www.youblisher.com\/p\/1293883-Revista-Olhares-37o\/\" target=\"_blank\" rel=\"noopener noreferrer\"><img decoding=\"async\" class=\"aligncenter\" src=\"http:\/\/www.youblisher.com\/files\/publications\/216\/1293883\/200x300.jpg\" alt=\"Revista Olhares 37\u00ba\" \/><\/a><\/td>\n<\/tr>\n<tr>\n<td>\n<p style=\"text-align: center;\"><strong>Revista Olhares &#8211; 38 Edi\u00e7\u00e3o<\/strong><\/p>\n<\/td>\n<td>\n<p style=\"text-align: center;\"><strong>Revista Olhares &#8211; 37 Edi\u00e7\u00e3o<\/strong><\/p>\n<\/td>\n<\/tr>\n<tr>\n<td><a href=\"http:\/\/www.youblisher.com\/p\/1150451-Revista-Olhares-36o\/\" target=\"_blank\" rel=\"noopener noreferrer\"><img decoding=\"async\" class=\"aligncenter\" src=\"http:\/\/www.youblisher.com\/files\/publications\/192\/1150451\/200x300.jpg\" alt=\"Revista Olhares 36\u00ba\" \/><\/a><\/td>\n<td><a href=\"http:\/\/www.youblisher.com\/p\/1083766-Revista-Olhares-35o\/\" target=\"_blank\" rel=\"noopener noreferrer\"><img decoding=\"async\" class=\"aligncenter\" src=\"http:\/\/www.youblisher.com\/files\/publications\/181\/1083766\/200x300.jpg\" alt=\"Revista Olhares 35\u00ba\" \/><\/a><\/td>\n<\/tr>\n<tr>\n<td style=\"text-align: center;\"><strong>Revista Olhares &#8211; 36 Edi\u00e7\u00e3o<\/strong><\/td>\n<td style=\"text-align: center;\"><strong>Revista Olhares &#8211; 35 Edi\u00e7\u00e3o<\/strong><\/td>\n<\/tr>\n<\/tbody>\n<\/table>","protected":false},"excerpt":{"rendered":"<p>Revista Olhares &#8211; 38 Edi\u00e7\u00e3o Revista Olhares &#8211; 37 Edi\u00e7\u00e3o Revista Olhares &#8211; 36 Edi\u00e7\u00e3o Revista Olhares &#8211; 35 Edi\u00e7\u00e3o<\/p>","protected":false},"author":267,"featured_media":0,"parent":0,"menu_order":0,"comment_status":"closed","ping_status":"closed","template":"","meta":{"slim_seo":{"title":"Revista Olhares - ESPRODOURO","description":"Revista Olhares - 38 Edi\u00e7\u00e3o Revista Olhares - 37 Edi\u00e7\u00e3o Revista Olhares - 36 Edi\u00e7\u00e3o Revista Olhares - 35 Edi\u00e7\u00e3o"},"footnotes":""},"class_list":["post-85","page","type-page","status-publish","hentry"],"blocksy_meta":{"styles_descriptor":{"styles":{"desktop":"","tablet":"","mobile":""},"google_fonts":[],"version":6}},"_links":{"self":[{"href":"https:\/\/esprodouro.com\/en\/wp-json\/wp\/v2\/pages\/85","targetHints":{"allow":["GET"]}}],"collection":[{"href":"https:\/\/esprodouro.com\/en\/wp-json\/wp\/v2\/pages"}],"about":[{"href":"https:\/\/esprodouro.com\/en\/wp-json\/wp\/v2\/types\/page"}],"author":[{"embeddable":true,"href":"https:\/\/esprodouro.com\/en\/wp-json\/wp\/v2\/users\/267"}],"replies":[{"embeddable":true,"href":"https:\/\/esprodouro.com\/en\/wp-json\/wp\/v2\/comments?post=85"}],"version-history":[{"count":0,"href":"https:\/\/esprodouro.com\/en\/wp-json\/wp\/v2\/pages\/85\/revisions"}],"wp:attachment":[{"href":"https:\/\/esprodouro.com\/en\/wp-json\/wp\/v2\/media?parent=85"}],"curies":[{"name":"wp","href":"https:\/\/api.w.org\/{rel}","templated":true}]}}