{"id":8764,"date":"2021-11-04T15:22:14","date_gmt":"2021-11-04T15:22:14","guid":{"rendered":"https:\/\/esprodouro.com\/?page_id=8764"},"modified":"2025-05-23T16:10:34","modified_gmt":"2025-05-23T16:10:34","slug":"inscreve-te-aqui","status":"publish","type":"page","link":"https:\/\/esprodouro.com\/en\/inscreve-te-aqui\/","title":{"rendered":"Inscreve-te aqui!"},"content":{"rendered":"<div data-elementor-type=\"wp-page\" data-elementor-id=\"8764\" class=\"elementor elementor-8764\">\n\t\t\t\t<div class=\"elementor-element elementor-element-28e2379 e-flex e-con-boxed e-con e-parent\" data-id=\"28e2379\" data-element_type=\"container\" data-e-type=\"container\">\n\t\t\t\t\t<div class=\"e-con-inner\">\n\t\t\t\t<div class=\"elementor-element elementor-element-6e129ce elementor-widget elementor-widget-html\" data-id=\"6e129ce\" data-element_type=\"widget\" data-e-type=\"widget\" data-widget_type=\"html.default\">\n\t\t\t\t<div class=\"elementor-widget-container\">\n\t\t\t\t\t<!-- Bot\u00f5es de Op\u00e7\u00e3o -->\r\n<div style=\"text-align:center; margin-bottom:20px;\">\r\n    <button onclick=\"window.open('https:\/\/bit.ly\/3ww8FDy', '_blank')\" style=\"padding:10px 20px; margin-right:10px;\">Alunos Nacionais<\/button>\r\n    <button onclick=\"window.open('https:\/\/bit.ly\/3wwjRA4', '_blank')\" style=\"padding:10px 20px;\">Alunos Internacionais<\/button>\r\n<\/div>\r\n\r\n<!-- Container do iFrame -->\r\n<div style=\"width:100%; height:500px;\">\r\n    <!-- O iframe n\u00e3o \u00e9 necess\u00e1rio aqui, pois os formul\u00e1rios ser\u00e3o abertos em novas janelas -->\r\n<\/div>\t\t\t\t<\/div>\n\t\t\t\t<\/div>\n\t\t\t\t\t<\/div>\n\t\t\t\t<\/div>\n\t\t<div class=\"elementor-element elementor-element-8f7fbc6 e-flex e-con-boxed e-con e-parent\" data-id=\"8f7fbc6\" data-element_type=\"container\" data-e-type=\"container\">\n\t\t\t\t\t<div class=\"e-con-inner\">\n\t\t\t\t<div class=\"elementor-element elementor-element-21a6c3a elementor-widget elementor-widget-wp-widget-pages\" data-id=\"21a6c3a\" data-element_type=\"widget\" data-e-type=\"widget\" data-widget_type=\"wp-widget-pages.default\">\n\t\t\t\t<div class=\"elementor-widget-container\">\n\t\t\t\t\t<h5>Pages<\/h5>\n\t\t\t<ul>\n\t\t\t\t<li class=\"page_item page-item-11080\"><a href=\"https:\/\/esprodouro.com\/en\/aprendizagens-essenciais\/\">Aprendizagens Essenciais<\/a><\/li>\n<li class=\"page_item page-item-84\"><a href=\"https:\/\/esprodouro.com\/en\/asdouro\/\">ASDOURO<\/a><\/li>\n<li class=\"page_item page-item-5435\"><a href=\"https:\/\/esprodouro.com\/en\/ativar-conta\/\">Ativar Conta<\/a><\/li>\n<li class=\"page_item page-item-5576\"><a href=\"https:\/\/esprodouro.com\/en\/atividade\/\">Atividade<\/a><\/li>\n<li class=\"page_item page-item-5211\"><a href=\"https:\/\/esprodouro.com\/en\/autorizacoes-de-funcionamento\/\">Autoriza\u00e7\u00f5es de Funcionamento<\/a><\/li>\n<li class=\"page_item page-item-19\"><a href=\"https:\/\/esprodouro.com\/en\/avaliacao-externa\/\">Avalia\u00e7\u00e3o Externa<\/a><\/li>\n<li class=\"page_item page-item-18\"><a href=\"https:\/\/esprodouro.com\/en\/avaliacoes\/\">Avalia\u00e7\u00f5es<\/a><\/li>\n<li class=\"page_item page-item-5198\"><a href=\"https:\/\/esprodouro.com\/en\/calendario-escolar\/\">Calend\u00e1rio Escolar<\/a><\/li>\n<li class=\"page_item page-item-427\"><a href=\"https:\/\/esprodouro.com\/en\/cef-cursos-de-educacao-e-formacao\/\">CEF &#8211; Cursos de Educa\u00e7\u00e3o e Forma\u00e7\u00e3o<\/a><\/li>\n<li class=\"page_item page-item-4960\"><a href=\"https:\/\/esprodouro.com\/en\/centro-qualifica-esprodouro\/\">Centro Qualifica Esprodouro<\/a><\/li>\n<li class=\"page_item page-item-9268\"><a href=\"https:\/\/esprodouro.com\/en\/curso-operador-a-de-informatica-cef\/\">Curso Operador\/a de Inform\u00e1tica &#8211; CEF<\/a><\/li>\n<li class=\"page_item page-item-8793\"><a href=\"https:\/\/esprodouro.com\/en\/curso-profissional-de-tecnico-auxiliar-de-saude\/\">Curso Profissional de T\u00e9cnico Auxiliar de Sa\u00fade<\/a><\/li>\n<li class=\"page_item page-item-9671\"><a href=\"https:\/\/esprodouro.com\/en\/curso-profissional-de-tecnico-de-comunicacao-e-servico-digital\/\">Curso Profissional de T\u00e9cnico de Comunica\u00e7\u00e3o e Servi\u00e7o Digital<\/a><\/li>\n<li class=\"page_item page-item-9524\"><a href=\"https:\/\/esprodouro.com\/en\/curso-profissional-de-tecnico-de-cozinha-pastelaria\/\">Curso Profissional de T\u00e9cnico de Cozinha\/Pastelaria<\/a><\/li>\n<li class=\"page_item page-item-9768\"><a href=\"https:\/\/esprodouro.com\/en\/curso-profissional-de-tecnico-de-eletronica-automacao-e-computadores\/\">Curso Profissional de T\u00e9cnico de Eletr\u00f3nica, Automa\u00e7\u00e3o e Computadores<\/a><\/li>\n<li class=\"page_item page-item-9930\"><a href=\"https:\/\/esprodouro.com\/en\/curso-profissional-de-tecnico-de-restaurante-bar\/\">Curso Profissional de T\u00e9cnico de Restaurante\/Bar<\/a><\/li>\n<li class=\"page_item page-item-10066\"><a href=\"https:\/\/esprodouro.com\/en\/curso-profissional-de-tecnico-vitivinicola\/\">Curso Profissional de T\u00e9cnico Vitivin\u00edcola<\/a><\/li>\n<li class=\"page_item page-item-186\"><a href=\"https:\/\/esprodouro.com\/en\/digital\/\">Digital<\/a><\/li>\n<li class=\"page_item page-item-5571\"><a href=\"https:\/\/esprodouro.com\/en\/empregos\/\">Empregos<\/a><\/li>\n<li class=\"page_item page-item-419\"><a href=\"https:\/\/esprodouro.com\/en\/ensino-profissional-planos\/\">Ensino Profissional &#8211; Planos<\/a><\/li>\n<li class=\"page_item page-item-83\"><a href=\"https:\/\/esprodouro.com\/en\/eqavet\/\">EQAVET<\/a><\/li>\n<li class=\"page_item page-item-12 page_item_has_children menu-item-has-children\"><a href=\"https:\/\/esprodouro.com\/en\/escola\/\">Escola<\/a>\n<ul class='children'>\n\t<li class=\"page_item page-item-22417\"><a href=\"https:\/\/esprodouro.com\/en\/escola\/centro-qualifica-asdouro-2024-2026\/\">CENTRO QUALIFICA ASDOURO 2024\/2026<\/a><\/li>\n\t<li class=\"page_item page-item-22454\"><a href=\"https:\/\/esprodouro.com\/en\/escola\/cursos-de-educacao-e-formacao-de-jovens-cef-2023-2024\/\">CURSOS DE EDUCA\u00c7\u00c3O E FORMA\u00c7\u00c3O DE JOVENS CEF 2023-2024<\/a><\/li>\n\t<li class=\"page_item page-item-22581\"><a href=\"https:\/\/esprodouro.com\/en\/escola\/cursos-de-educacao-e-formacao-de-jovens-cef-2023-2024-2\/\">CURSOS DE EDUCA\u00c7\u00c3O E FORMA\u00c7\u00c3O DE JOVENS CEF 2024-2025<\/a><\/li>\n\t<li class=\"page_item page-item-22391\"><a href=\"https:\/\/esprodouro.com\/en\/escola\/cursos-profissionais-2023-2024\/\">CURSOS PROFISSIONAIS 2023-2024<\/a><\/li>\n\t<li class=\"page_item page-item-22416\"><a href=\"https:\/\/esprodouro.com\/en\/escola\/cursos-profissionais-2024-2025\/\">CURSOS PROFISSIONAIS 2024-2025<\/a><\/li>\n\t<li class=\"page_item page-item-25974\"><a href=\"https:\/\/esprodouro.com\/en\/escola\/cursos-profissionais-2025-2026\/\">CURSOS PROFISSIONAIS 2025-2026<\/a><\/li>\n\t<li class=\"page_item page-item-22442\"><a href=\"https:\/\/esprodouro.com\/en\/escola\/formacoes-modulares-certificadas-2024-2027\/\">FORMA\u00c7\u00d5ES MODULARES CERTIFICADAS 2024-2027<\/a><\/li>\n\t<li class=\"page_item page-item-21331\"><a href=\"https:\/\/esprodouro.com\/en\/escola\/esprodouro-transparencia\/\">TRANSPAR\u00caNCIA<\/a><\/li>\n<\/ul>\n<\/li>\n<li class=\"page_item page-item-4915 page_item_has_children menu-item-has-children\"><a href=\"https:\/\/esprodouro.com\/en\/esprodouro-escola-profissional-do-alto-douro\/\">ESPRODOURO Escola Profissional do Alto Douro<\/a>\n<ul class='children'>\n\t<li class=\"page_item page-item-4661\"><a href=\"https:\/\/esprodouro.com\/en\/esprodouro-escola-profissional-do-alto-douro\/inscricao-de-alunos\/\">Inscri\u00e7\u00e3o de alunos<\/a><\/li>\n\t<li class=\"page_item page-item-4663\"><a href=\"https:\/\/esprodouro.com\/en\/esprodouro-escola-profissional-do-alto-douro\/inscricao-de-formadores\/\">Inscri\u00e7\u00e3o de formadores<\/a><\/li>\n\t<li class=\"page_item page-item-4659\"><a href=\"https:\/\/esprodouro.com\/en\/esprodouro-escola-profissional-do-alto-douro\/painel\/\">Painel<\/a><\/li>\n<\/ul>\n<\/li>\n<li class=\"page_item page-item-5441\"><a href=\"https:\/\/esprodouro.com\/en\/grupos\/\">Grupos<\/a><\/li>\n<li class=\"page_item page-item-13\"><a href=\"https:\/\/esprodouro.com\/en\/historia\/\">Hist\u00f3ria<\/a><\/li>\n<li class=\"page_item page-item-8539\"><a href=\"https:\/\/esprodouro.com\/en\/\">Home<\/a><\/li>\n<li class=\"page_item page-item-5948\"><a href=\"https:\/\/esprodouro.com\/en\/inqueritos\/\">Inqu\u00e9ritos<\/a><\/li>\n<li class=\"page_item page-item-8764\"><a href=\"https:\/\/esprodouro.com\/en\/inscreve-te-aqui\/\">Inscreve-te aqui!<\/a><\/li>\n<li class=\"page_item page-item-14\"><a href=\"https:\/\/esprodouro.com\/en\/missao-visao-e-valores\/\">Miss\u00e3o, Vis\u00e3o e Valores<\/a><\/li>\n<li class=\"page_item page-item-159\"><a href=\"https:\/\/esprodouro.com\/en\/modelo-pedagogico\/\">Modelo Pedag\u00f3gico<\/a><\/li>\n<li class=\"page_item page-item-518 current_page_parent\"><a href=\"https:\/\/esprodouro.com\/en\/noticias\/\">Not\u00edcias<\/a><\/li>\n<li class=\"page_item page-item-5321\"><a href=\"https:\/\/esprodouro.com\/en\/organizacao\/\">Organiza\u00e7\u00e3o<\/a><\/li>\n<li class=\"page_item page-item-11091\"><a href=\"https:\/\/esprodouro.com\/en\/painel-geral-das-aprendizagens-essenciais\/\">Painel Geral das Aprendizagens Essenciais<\/a><\/li>\n<li class=\"page_item page-item-17\"><a href=\"https:\/\/esprodouro.com\/en\/plano-anual-de-atividades\/\">Plano Anual de Atividades<\/a><\/li>\n<li class=\"page_item page-item-5203\"><a href=\"https:\/\/esprodouro.com\/en\/plano-de-atividades\/\">Plano de Atividades<\/a><\/li>\n<li class=\"page_item page-item-6350\"><a href=\"https:\/\/esprodouro.com\/en\/plano-de-contingencia-e-acao-para-prevencao-de-transmissao-da-infecao-humana-da-esprodouro\/\">PLANO DE CONTING\u00caNCIA E A\u00c7\u00c3O PARA PREVEN\u00c7\u00c3O DE TRANSMISS\u00c3O DA INFE\u00c7\u00c3O HUMANA DA ESPRODOURO<\/a><\/li>\n<li class=\"page_item page-item-6323\"><a href=\"https:\/\/esprodouro.com\/en\/politica-de-privacidade\/\">Pol\u00edtica de privacidade<\/a><\/li>\n<li class=\"page_item page-item-5192\"><a href=\"https:\/\/esprodouro.com\/en\/projeto-educativo-20-30\/\">Projeto Educativo 20\/30<\/a><\/li>\n<li class=\"page_item page-item-11901\"><a href=\"https:\/\/esprodouro.com\/en\/elementor-11901\/\">Projetos apoiados pela EU ou pelo FSE<\/a><\/li>\n<li class=\"page_item page-item-15\"><a href=\"https:\/\/esprodouro.com\/en\/recursos-humanos\/\">Recursos Humanos<\/a><\/li>\n<li class=\"page_item page-item-5434\"><a href=\"https:\/\/esprodouro.com\/en\/registar-inscricao\/\">Registar Inscri\u00e7\u00e3o<\/a><\/li>\n<li class=\"page_item page-item-7895\"><a href=\"https:\/\/esprodouro.com\/en\/regulamento-erasmus21\/\">Regulamento ERASMUS+<\/a><\/li>\n<li class=\"page_item page-item-6362\"><a href=\"https:\/\/esprodouro.com\/en\/regulamento-erasmus\/\">Regulamento ERASMUS+<\/a><\/li>\n<li class=\"page_item page-item-16\"><a href=\"https:\/\/esprodouro.com\/en\/regulamentos\/\">Regulamentos, Estatutos e Autoriza\u00e7\u00f5es<\/a><\/li>\n<li class=\"page_item page-item-85\"><a href=\"https:\/\/esprodouro.com\/en\/revista-olhares\/\">Revista Olhares<\/a><\/li>\n<li class=\"page_item page-item-6329\"><a href=\"https:\/\/esprodouro.com\/en\/rgpd\/\">RGPD<\/a><\/li>\n<li class=\"page_item page-item-22114\"><a href=\"https:\/\/esprodouro.com\/en\/tecnico-a-auxiliar-de-saude\/\">T\u00e9cnico\/a Auxiliar de Sa\u00fade\u00a0<\/a><\/li>\n<li class=\"page_item page-item-22109\"><a href=\"https:\/\/esprodouro.com\/en\/tecnico-a-de-apoio-a-gestao\/\">T\u00e9cnico\/a de Apoio \u00e0 Gest\u00e3o<\/a><\/li>\n<li class=\"page_item page-item-22107\"><a href=\"https:\/\/esprodouro.com\/en\/tecnico-a-de-comunicacao-e-servico-digital\/\">T\u00e9cnico\/a de Comunica\u00e7\u00e3o e Servi\u00e7o Digital<\/a><\/li>\n<li class=\"page_item page-item-22098\"><a href=\"https:\/\/esprodouro.com\/en\/tecnico-a-de-cozinha-e-pastelaria\/\">T\u00e9cnico\/a de Cozinha e Pastelaria<\/a><\/li>\n<li class=\"page_item page-item-22105\"><a href=\"https:\/\/esprodouro.com\/en\/tecnico-a-de-eletronica-automacao-e-computadores\/\">T\u00e9cnico\/a de Eletr\u00f3nica, Automa\u00e7\u00e3o e Computadores<\/a><\/li>\n<li class=\"page_item page-item-22111\"><a href=\"https:\/\/esprodouro.com\/en\/tecnico-a-de-vendas-e-marketing\/\">T\u00e9cnico\/a de Vendas e Marketing<\/a><\/li>\n<li class=\"page_item page-item-22101\"><a href=\"https:\/\/esprodouro.com\/en\/tecnico-a-vitivinicola\/\">T\u00e9cnico\/a Vitivin\u00edcola<\/a><\/li>\n<li class=\"page_item page-item-16858\"><a href=\"https:\/\/esprodouro.com\/en\/tutor-certificate\/\">Tutor Certificate<\/a><\/li>\n\t\t\t<\/ul>\n\n\t\t\t\t\t\t\t<\/div>\n\t\t\t\t<\/div>\n\t\t\t\t\t<\/div>\n\t\t\t\t<\/div>\n\t\t\t\t<\/div>","protected":false},"excerpt":{"rendered":"<p>Alunos Nacionais Alunos Internacionais<\/p>","protected":false},"author":5,"featured_media":4973,"parent":0,"menu_order":0,"comment_status":"closed","ping_status":"closed","template":"","meta":{"slim_seo":{"title":"Inscreve-te aqui! - ESPRODOURO","description":"Alunos Nacionais Alunos Internacionais"},"footnotes":""},"class_list":["post-8764","page","type-page","status-publish","has-post-thumbnail","hentry"],"blocksy_meta":{"styles_descriptor":{"styles":{"desktop":"[data-prefix=\"single_page\"] .entry-header .page-title {--theme-font-size:30px;} [data-prefix=\"single_page\"] .entry-header .entry-meta {--theme-font-weight:600;--theme-text-transform:uppercase;--theme-font-size:12px;--theme-line-height:1.3;} [data-prefix=\"single_page\"] .hero-section[data-type=\"type-2\"] {background-color:var(--theme-palette-color-6);background-image:none;--container-padding:50px 0;}","tablet":"","mobile":""},"google_fonts":[],"version":6},"page_title_panel":"","has_hero_section":"enabled","2e07a625791bec65717d0f3b32e28244":"","hero_section":"type-2","hero_elements":[{"id":"custom_title","enabled":true,"heading_tag":"h1","title":"Home"},{"id":"custom_description","enabled":true,"description_visibility":{"desktop":true,"tablet":true,"mobile":false}},{"id":"custom_meta","enabled":false,"meta_elements":[{"id":"author","enabled":true,"label":"By","has_author_avatar":"yes","avatar_size":25},{"id":"post_date","enabled":true,"label":"On","date_format_source":"default","date_format":"M j, Y"},{"id":"updated_date","enabled":false,"label":"On","date_format_source":"default","date_format":"M j, Y"},{"id":"categories","enabled":false,"label":"In","style":"simple"},{"id":"comments","enabled":true}],"page_meta_elements":{"joined":true,"articles_count":true,"comments":true}},{"id":"breadcrumbs","enabled":false}],"a8a841e3d2743e906500bd1a8bb9047e":"","hero_alignment1":"CT_CSS_SKIP_RULE","hero_margin":40,"hero_alignment2":"center","hero_vertical_alignment":"center","4fd29a30f312cc4f2ef3c6533153279c":"","hero_structure":"narrow","96716556fb85f080e7b8fffd316ad2b5":"","page_title_bg_type":"featured_image","custom_hero_background":{"attachment_id":null},"parallax":{"desktop":false,"tablet":false,"mobile":false},"317df21714cdaaeba22264fde7aecf86":"","hero_height":"250px","pageTitleFont":{"family":"Default","variation":"Default","size":"30px","line-height":"CT_CSS_SKIP_RULE","letter-spacing":"CT_CSS_SKIP_RULE","text-transform":"CT_CSS_SKIP_RULE","text-decoration":"CT_CSS_SKIP_RULE"},"pageTitleFontColor":{"default":{"color":"CT_CSS_SKIP_RULEDEFAULT"}},"pageMetaFont":{"family":"Default","variation":"n6","size":"12px","line-height":"1.3","letter-spacing":"CT_CSS_SKIP_RULE","text-transform":"uppercase","text-decoration":"CT_CSS_SKIP_RULE"},"pageMetaFontColor":{"default":{"color":"CT_CSS_SKIP_RULEDEFAULT"},"hover":{"color":"CT_CSS_SKIP_RULEDEFAULT"}},"page_meta_button_type_font_colors":{"default":{"color":"CT_CSS_SKIP_RULEDEFAULT"},"hover":{"color":"CT_CSS_SKIP_RULEDEFAULT"}},"page_meta_button_type_background_colors":{"default":{"color":"CT_CSS_SKIP_RULEDEFAULT"},"hover":{"color":"CT_CSS_SKIP_RULEDEFAULT"}},"pageExcerptFont":{"family":"Default","variation":"Default","size":"CT_CSS_SKIP_RULE","line-height":"CT_CSS_SKIP_RULE","letter-spacing":"CT_CSS_SKIP_RULE","text-transform":"CT_CSS_SKIP_RULE","text-decoration":"CT_CSS_SKIP_RULE"},"pageExcerptColor":{"default":{"color":"CT_CSS_SKIP_RULEDEFAULT"}},"breadcrumbsFont":{"family":"Default","variation":"Default","size":"CT_CSS_SKIP_RULE","line-height":"CT_CSS_SKIP_RULE","letter-spacing":"CT_CSS_SKIP_RULE","text-transform":"CT_CSS_SKIP_RULE","text-decoration":"CT_CSS_SKIP_RULE"},"breadcrumbsFontColor":{"default":{"color":"CT_CSS_SKIP_RULEDEFAULT"},"initial":{"color":"CT_CSS_SKIP_RULEDEFAULT"},"hover":{"color":"CT_CSS_SKIP_RULEDEFAULT"}},"pageTitleOverlay":{"background_type":"color","background_pattern":"type-1","background_image":{"attachment_id":null,"x":0,"y":0},"gradient":"linear-gradient(135deg,rgba(6,147,227,1) 0%,rgb(155,81,224) 100%)","background_repeat":"repeat","background_size":"auto","background_attachment":"scroll","patternColor":{"default":{"color":"#e5e7ea"}},"overlayColor":{"default":{"color":"CT_CSS_SKIP_RULE"}},"backgroundColor":{"default":{"color":"CT_CSS_SKIP_RULE"}}},"pageTitleBackground":{"background_type":"color","background_pattern":"type-1","background_image":{"attachment_id":null,"x":0,"y":0},"gradient":"linear-gradient(135deg,rgba(6,147,227,1) 0%,rgb(155,81,224) 100%)","background_repeat":"repeat","background_size":"auto","background_attachment":"scroll","patternColor":{"default":{"color":"#e5e7ea"}},"overlayColor":{"default":{"color":"CT_CSS_SKIP_RULE"}},"backgroundColor":{"default":{"color":"var(--theme-palette-color-6)"}}},"pageTitlePadding":{"top":"50px","bottom":"50px","left":"auto","right":"auto","linked":true},"6154af83dbaff6ea6dc0476add119f7a":"","page_structure_type":"default","7a8fc751f56f11f324cbc0c420b7b88a":"","content_style_source":"inherit","content_style":"wide","vertical_spacing_source":"inherit","content_area_spacing":"both","background":{"background_type":"color","background_pattern":"type-1","background_image":{"attachment_id":null,"x":0,"y":0},"gradient":"linear-gradient(135deg,rgba(6,147,227,1) 0%,rgb(155,81,224) 100%)","background_repeat":"repeat","background_size":"auto","background_attachment":"scroll","patternColor":{"default":{"color":"#e5e7ea"}},"overlayColor":{"default":{"color":"CT_CSS_SKIP_RULE"}},"backgroundColor":{"default":{"color":"CT_CSS_SKIP_RULE"}}},"content_background":{"background_type":"color","background_pattern":"type-1","background_image":{"attachment_id":null,"x":0,"y":0},"gradient":"linear-gradient(135deg,rgba(6,147,227,1) 0%,rgb(155,81,224) 100%)","background_repeat":"repeat","background_size":"auto","background_attachment":"scroll","patternColor":{"default":{"color":"#e5e7ea"}},"overlayColor":{"default":{"color":"CT_CSS_SKIP_RULE"}},"backgroundColor":{"default":{"color":"var(--theme-palette-color-8)"}}},"content_boxed_shadow":{"inherit":false,"blur":18,"spread":-6,"v_offset":12,"h_offset":0,"inset":false,"enable":true,"color":{"color":"rgba(34, 56, 101, 0.04)"}},"boxed_content_spacing":{"desktop":{"top":"40px","bottom":"40px","left":"40px","right":"40px","linked":true},"tablet":{"top":"35px","bottom":"35px","left":"35px","right":"35px","linked":true},"mobile":{"top":"20px","bottom":"20px","left":"20px","right":"20px","linked":true}},"content_boxed_radius":{"top":"3px","bottom":"3px","left":"3px","right":"3px","linked":true},"d5fe76757cf504d43a5d56e8395d42f9":"","disable_featured_image":"no","disable_header":"no","disable_footer":"no"},"_links":{"self":[{"href":"https:\/\/esprodouro.com\/en\/wp-json\/wp\/v2\/pages\/8764","targetHints":{"allow":["GET"]}}],"collection":[{"href":"https:\/\/esprodouro.com\/en\/wp-json\/wp\/v2\/pages"}],"about":[{"href":"https:\/\/esprodouro.com\/en\/wp-json\/wp\/v2\/types\/page"}],"author":[{"embeddable":true,"href":"https:\/\/esprodouro.com\/en\/wp-json\/wp\/v2\/users\/5"}],"replies":[{"embeddable":true,"href":"https:\/\/esprodouro.com\/en\/wp-json\/wp\/v2\/comments?post=8764"}],"version-history":[{"count":0,"href":"https:\/\/esprodouro.com\/en\/wp-json\/wp\/v2\/pages\/8764\/revisions"}],"wp:featuredmedia":[{"embeddable":true,"href":"https:\/\/esprodouro.com\/en\/wp-json\/wp\/v2\/media\/4973"}],"wp:attachment":[{"href":"https:\/\/esprodouro.com\/en\/wp-json\/wp\/v2\/media?parent=8764"}],"curies":[{"name":"wp","href":"https:\/\/api.w.org\/{rel}","templated":true}]}}